{"id":189,"date":"2022-05-03T06:05:40","date_gmt":"2022-05-03T06:05:40","guid":{"rendered":"https:\/\/unfried.info\/?page_id=189"},"modified":"2023-05-30T19:53:53","modified_gmt":"2023-05-30T19:53:53","slug":"geschichte","status":"publish","type":"page","link":"https:\/\/unfried.info\/?page_id=189","title":{"rendered":"<strong>Firmengeschichte<\/strong>"},"content":{"rendered":"\n<section id=\"gmce09df0\" class=\"wp-block-gutentor-m3 alignfull section-gmce09df0 gutentor-module gutentor-container-cover has-image-bg has-custom-bg\"><div class=\"grid-container\">\n<div style=\"height:48px\" aria-hidden=\"true\" class=\"wp-block-spacer\"><\/div>\n<\/div><\/section>\n\n\n\n<section id=\"gm9dbaf43\" class=\"wp-block-gutentor-m3 alignfull section-gm9dbaf43 gutentor-module gutentor-container-cover has-color-bg has-custom-bg\"><div class=\"grid-container\">\n<section id=\"gmebc52e2\" class=\"wp-block-gutentor-m3 section-gmebc52e2 gutentor-module gutentor-container-cover\"><div class=\"grid-container\">\n<div style=\"height:65px\" aria-hidden=\"true\" class=\"wp-block-spacer\"><\/div>\n\n\n\n<h1 class=\"has-nv-text-dark-bg-color has-text-color wp-block-heading\">Unternehmensgeschichte <\/h1>\n\n\n\n<h2 class=\"has-nv-text-dark-bg-color has-text-color wp-block-heading\">Frische seit mehr als 35 Jahren<\/h2>\n\n\n\n<div style=\"height:40px\" aria-hidden=\"true\" class=\"wp-block-spacer\"><\/div>\n<\/div><\/section>\n<\/div><\/section>\n\n\n\n<section id=\"gm7c15ba0\" class=\"wp-block-gutentor-m3 alignfull section-gm7c15ba0 gutentor-module gutentor-container-cover has-image-bg has-custom-bg\"><div class=\"grid-container\">\n<section id=\"gm6e8c070\" class=\"wp-block-gutentor-m3 section-gm6e8c070 gutentor-module gutentor-container-cover\"><div class=\"grid-container\">\n<div style=\"height:65px\" aria-hidden=\"true\" class=\"wp-block-spacer\"><\/div>\n\n\n\n<section id=\"gmdbd049c\" class=\"wp-block-gutentor-m4 section-gmdbd049c gutentor-module gutentor-advanced-columns\"><div class=\"grid-container\"><div class=\"grid-row\">\n<div id=\"col-gm1ed008\" class=\"wp-block-gutentor-m4-col col-gm1ed008 gutentor-single-column  grid-lg-4 grid-md-12 grid-12 wow fadeIn\" data-wow-animation=\"fadeIn\" data-wow-iteration=\"1\"><div id=\"section-gm1ed008\" class=\"section-gm1ed008 gutentor-col-wrap\">\n<h2 class=\"has-neve-text-color-color has-text-color wp-block-heading\">1987<\/h2>\n\n\n\n<p class=\"has-neve-text-color-color has-text-color\">Am 30. Juni 1987 fiel der Startschuss f\u00fcr einen Top Obst- und Gem\u00fcsehandel in Krems. An diesem Tag \u00fcbernahm die &#8222;Obst- und Gem\u00fcsehandelsgesellschaft&#8220; das Gesch\u00e4ftslokal am Pfarrplatz 1 in 3500 Krems.<\/p>\n<\/div><\/div>\n\n\n\n<div id=\"col-gm9306ee\" class=\"wp-block-gutentor-m4-col col-gm9306ee gutentor-single-column  grid-lg-4 grid-md-12 grid-12 wow fadeIn\" data-wow-animation=\"fadeIn\" data-wow-iteration=\"1\"><div id=\"section-gm9306ee\" class=\"section-gm9306ee gutentor-col-wrap\">\n<h2 class=\"has-neve-text-color-color has-text-color wp-block-heading\">1991<\/h2>\n\n\n\n<p class=\"has-neve-text-color-color has-text-color\">Im Jahr 1991 wurde ein weiterer Meilenstein gesetzt. Die Familie Unfried \u00e4nderte den Gesch\u00e4ftsnamen in &#8222;Unfried Obst und Gem\u00fcsehandelsgesellschaft m. b. H.&#8220;. Dieser Name hat sich bis heute nicht ge\u00e4ndert.<\/p>\n<\/div><\/div>\n\n\n\n<div id=\"col-gma20488\" class=\"wp-block-gutentor-m4-col col-gma20488 gutentor-single-column  grid-lg-4 grid-md-12 grid-12 wow fadeIn\" data-wow-animation=\"fadeIn\" data-wow-iteration=\"1\"><div id=\"section-gma20488\" class=\"section-gma20488 gutentor-col-wrap\">\n<h2 class=\"has-neve-text-color-color has-text-color wp-block-heading\">1994<\/h2>\n\n\n\n<p class=\"has-neve-text-color-color has-text-color\">Da sich die Gesch\u00e4ftszahlen positiv entwickelten, war das Gro\u00dfhandelsgesch\u00e4ft am Pfarrplatz bald<br>nicht mehr den Anforderungen gewachsen. Am 10. April 1994 \u00fcbersiedelte der Gro\u00dfhandel nach Weinzierl 98 in 3500 Krems.<\/p>\n<\/div><\/div>\n<\/div><\/div><\/section>\n\n\n\n<section id=\"gm94bbc4a\" class=\"wp-block-gutentor-m4 section-gm94bbc4a gutentor-module gutentor-advanced-columns\"><div class=\"grid-container\"><div class=\"grid-row\">\n<div id=\"col-gmaefb23\" class=\"wp-block-gutentor-m4-col col-gmaefb23 gutentor-single-column  grid-lg-4 grid-md-12 grid-12 wow fadeIn\" data-wow-animation=\"fadeIn\" data-wow-iteration=\"1\"><div id=\"section-gmaefb23\" class=\"section-gmaefb23 gutentor-col-wrap\">\n<h2 class=\"has-neve-text-color-color has-text-color wp-block-heading\">2000<\/h2>\n\n\n\n<p class=\"has-neve-text-color-color has-text-color\">Am 31. Dezember 2000 wurde das Gesch\u00e4ftslokal am Pfarrplatz 1 in 3500 Krems ver\u00e4u\u00dfert. Die Firma Unfried Obst und Gem\u00fcse hat sich seit diesem Zeitpunkt komplett auf den Gro\u00dfhandel-, Gastronomie- und Hotellerieservice spezialisiert.<\/p>\n<\/div><\/div>\n\n\n\n<div id=\"col-gm4c4bdb\" class=\"wp-block-gutentor-m4-col col-gm4c4bdb gutentor-single-column  grid-lg-4 grid-md-12 grid-12 wow fadeIn\" data-wow-animation=\"fadeIn\" data-wow-iteration=\"1\"><div id=\"section-gm4c4bdb\" class=\"section-gm4c4bdb gutentor-col-wrap\">\n<h2 class=\"has-neve-text-color-color has-text-color wp-block-heading\">2003<\/h2>\n\n\n\n<p class=\"has-neve-text-color-color has-text-color\">Der Bedarf an frischen Obst und Gem\u00fcse in der Gastronomie und der Hotellerie nahm stark zu. Im Zuge einer Modernisierung der K\u00fchlr\u00e4ume im Jahr 2003 und die Erweiterung der B\u00fcror\u00e4umlichkeiten standen der Firma von nun an doppelt so viele R\u00e4umlichkeiten zur Verf\u00fcgung.<\/p>\n<\/div><\/div>\n\n\n\n<div id=\"col-gm1888b0\" class=\"wp-block-gutentor-m4-col col-gm1888b0 gutentor-single-column  grid-lg-4 grid-md-12 grid-12 wow fadeIn\" data-wow-animation=\"fadeIn\" data-wow-iteration=\"1\"><div id=\"section-gm1888b0\" class=\"section-gm1888b0 gutentor-col-wrap\">\n<h2 class=\"has-neve-text-color-color has-text-color wp-block-heading\">2012<\/h2>\n\n\n\n<p class=\"has-neve-text-color-color has-text-color\">Dank positiver Gesch\u00e4ftsentwicklung wurden die im Jahr 2003 get\u00e4tigten Modernisierungen zu klein, daraufhin haben wir uns einen neuen Standort gesucht. Im April 2012 wurde der neue Standort in der Hafenstra\u00dfe 59 in 3500 Krems er\u00f6ffnet. Ein weiterer gro\u00dfer Meilenstein wurde in der Firmengeschichte gesetzt.<\/p>\n<\/div><\/div>\n<\/div><\/div><\/section>\n\n\n\n<section id=\"gm1986301\" class=\"wp-block-gutentor-m4 section-gm1986301 gutentor-module gutentor-advanced-columns\"><div class=\"grid-container\"><div class=\"grid-row\">\n<div id=\"col-gmb06254\" class=\"wp-block-gutentor-m4-col col-gmb06254 gutentor-single-column  grid-lg-4 grid-md-12 grid-12 wow fadeIn\" data-wow-animation=\"fadeIn\" data-wow-iteration=\"1\"><div id=\"section-gmb06254\" class=\"section-gmb06254 gutentor-col-wrap\">\n<h2 class=\"has-neve-text-color-color has-text-color wp-block-heading\">2019<\/h2>\n\n\n\n<p class=\"has-neve-text-color-color has-text-color\">Seit M\u00e4rz 2019 wird das Unternehmen in zweiter Generation gef\u00fchrt. Julian Unfried hat im Alter von 29 Jahren die Gesch\u00e4ftsf\u00fchrung \u00fcbernommen und leitet seither das Familienunternehmen.<\/p>\n<\/div><\/div>\n\n\n\n<div id=\"col-gm1bb5ee\" class=\"wp-block-gutentor-m4-col col-gm1bb5ee gutentor-single-column  grid-lg-4 grid-md-12 grid-12 wow fadeIn\" data-wow-animation=\"fadeIn\" data-wow-iteration=\"1\"><div id=\"section-gm1bb5ee\" class=\"section-gm1bb5ee gutentor-col-wrap\">\n<h2 class=\"has-neve-text-color-color has-text-color wp-block-heading\">2022<\/h2>\n\n\n\n<p class=\"has-neve-text-color-color has-text-color\">Seit April 2012 w\u00e4chst unser Betrieb und entwickelte sich zu einen der gr\u00f6\u00dften und innovativsten Obst- und Gem\u00fcsehandelspartner f\u00fcr den Raum Nieder\u00f6sterreich, Burgenland und Wien heran. Zurzeit sorgen 40 Mitarbeiter*innen t\u00e4glich f\u00fcr einen reibungslosen Ablauf auf einer Fl\u00e4che von 4000qm\u00b2. Wir entwickeln uns und bauen die Firmengeschichte weiter aus.<\/p>\n<\/div><\/div>\n\n\n\n<div id=\"col-gmfe1884\" class=\"wp-block-gutentor-m4-col col-gmfe1884 gutentor-single-column  grid-lg-4 grid-md-12 grid-12\"><div id=\"section-gmfe1884\" class=\"section-gmfe1884 gutentor-col-wrap\"><\/div><\/div>\n<\/div><\/div><\/section>\n<\/div><\/section>\n<\/div><\/section>\n","protected":false},"excerpt":{"rendered":"","protected":false},"author":1,"featured_media":0,"parent":0,"menu_order":0,"comment_status":"closed","ping_status":"closed","template":"","meta":{"neve_meta_sidebar":"","neve_meta_container":"full-width","neve_meta_enable_content_width":"","neve_meta_content_width":0,"neve_meta_title_alignment":"left","neve_meta_author_avatar":"","neve_post_elements_order":"","neve_meta_disable_header":"","neve_meta_disable_footer":"","neve_meta_disable_title":"on","_themeisle_gutenberg_block_has_review":false,"footnotes":""},"class_list":["post-189","page","type-page","status-publish","hentry"],"yoast_head":"<!-- This site is optimized with the Yoast SEO plugin v24.9 - https:\/\/yoast.com\/wordpress\/plugins\/seo\/ -->\n<title>Firmengeschichte - Unfried.info - Obst und Gem\u00fcse<\/title>\n<meta name=\"description\" content=\"Erfahren Sie mehr \u00fcber die Entstehungsgeschichte des Unternehmens. Wir entwickeln uns immer weiter und bauen die Firmengeschichte weiter aus.\" \/>\n<meta name=\"robots\" content=\"index, follow, max-snippet:-1, max-image-preview:large, max-video-preview:-1\" \/>\n<link rel=\"canonical\" href=\"https:\/\/unfried.info\/?page_id=189\" \/>\n<meta property=\"og:locale\" content=\"de_DE\" \/>\n<meta property=\"og:type\" content=\"article\" \/>\n<meta property=\"og:title\" content=\"Firmengeschichte - Unfried.info - Obst und Gem\u00fcse\" \/>\n<meta property=\"og:description\" content=\"Erfahren Sie mehr \u00fcber die Entstehungsgeschichte des Unternehmens. Wir entwickeln uns immer weiter und bauen die Firmengeschichte weiter aus.\" \/>\n<meta property=\"og:url\" content=\"https:\/\/unfried.info\/?page_id=189\" \/>\n<meta property=\"og:site_name\" content=\"Unfried.info - Obst und Gem\u00fcse\" \/>\n<meta property=\"article:modified_time\" content=\"2023-05-30T19:53:53+00:00\" \/>\n<meta name=\"twitter:card\" content=\"summary_large_image\" \/>\n<script type=\"application\/ld+json\" class=\"yoast-schema-graph\">{\"@context\":\"https:\/\/schema.org\",\"@graph\":[{\"@type\":\"WebPage\",\"@id\":\"https:\/\/unfried.info\/?page_id=189\",\"url\":\"https:\/\/unfried.info\/?page_id=189\",\"name\":\"Firmengeschichte - Unfried.info - Obst und Gem\u00fcse\",\"isPartOf\":{\"@id\":\"https:\/\/unfried.info\/#website\"},\"datePublished\":\"2022-05-03T06:05:40+00:00\",\"dateModified\":\"2023-05-30T19:53:53+00:00\",\"description\":\"Erfahren Sie mehr \u00fcber die Entstehungsgeschichte des Unternehmens. Wir entwickeln uns immer weiter und bauen die Firmengeschichte weiter aus.\",\"breadcrumb\":{\"@id\":\"https:\/\/unfried.info\/?page_id=189#breadcrumb\"},\"inLanguage\":\"de\",\"potentialAction\":[{\"@type\":\"ReadAction\",\"target\":[\"https:\/\/unfried.info\/?page_id=189\"]}]},{\"@type\":\"BreadcrumbList\",\"@id\":\"https:\/\/unfried.info\/?page_id=189#breadcrumb\",\"itemListElement\":[{\"@type\":\"ListItem\",\"position\":1,\"name\":\"Startseite\",\"item\":\"https:\/\/unfried.info\/\"},{\"@type\":\"ListItem\",\"position\":2,\"name\":\"Firmengeschichte\"}]},{\"@type\":\"WebSite\",\"@id\":\"https:\/\/unfried.info\/#website\",\"url\":\"https:\/\/unfried.info\/\",\"name\":\"Unfried.info - Obst und Gem\u00fcse\",\"description\":\"Zusammenarbeit, die Fr\u00fcchte tr\u00e4gt\",\"publisher\":{\"@id\":\"https:\/\/unfried.info\/#organization\"},\"potentialAction\":[{\"@type\":\"SearchAction\",\"target\":{\"@type\":\"EntryPoint\",\"urlTemplate\":\"https:\/\/unfried.info\/?s={search_term_string}\"},\"query-input\":{\"@type\":\"PropertyValueSpecification\",\"valueRequired\":true,\"valueName\":\"search_term_string\"}}],\"inLanguage\":\"de\"},{\"@type\":\"Organization\",\"@id\":\"https:\/\/unfried.info\/#organization\",\"name\":\"Unfried.info - Obst und Gem\u00fcse\",\"url\":\"https:\/\/unfried.info\/\",\"logo\":{\"@type\":\"ImageObject\",\"inLanguage\":\"de\",\"@id\":\"https:\/\/unfried.info\/#\/schema\/logo\/image\/\",\"url\":\"https:\/\/unfried.info\/wp-content\/uploads\/2021\/09\/cropped-logoklein-1-1.png\",\"contentUrl\":\"https:\/\/unfried.info\/wp-content\/uploads\/2021\/09\/cropped-logoklein-1-1.png\",\"width\":112,\"height\":48,\"caption\":\"Unfried.info - Obst und Gem\u00fcse\"},\"image\":{\"@id\":\"https:\/\/unfried.info\/#\/schema\/logo\/image\/\"}}]}<\/script>\n<!-- \/ Yoast SEO plugin. -->","yoast_head_json":{"title":"Firmengeschichte - Unfried.info - Obst und Gem\u00fcse","description":"Erfahren Sie mehr \u00fcber die Entstehungsgeschichte des Unternehmens. Wir entwickeln uns immer weiter und bauen die Firmengeschichte weiter aus.","robots":{"index":"index","follow":"follow","max-snippet":"max-snippet:-1","max-image-preview":"max-image-preview:large","max-video-preview":"max-video-preview:-1"},"canonical":"https:\/\/unfried.info\/?page_id=189","og_locale":"de_DE","og_type":"article","og_title":"Firmengeschichte - Unfried.info - Obst und Gem\u00fcse","og_description":"Erfahren Sie mehr \u00fcber die Entstehungsgeschichte des Unternehmens. Wir entwickeln uns immer weiter und bauen die Firmengeschichte weiter aus.","og_url":"https:\/\/unfried.info\/?page_id=189","og_site_name":"Unfried.info - Obst und Gem\u00fcse","article_modified_time":"2023-05-30T19:53:53+00:00","twitter_card":"summary_large_image","schema":{"@context":"https:\/\/schema.org","@graph":[{"@type":"WebPage","@id":"https:\/\/unfried.info\/?page_id=189","url":"https:\/\/unfried.info\/?page_id=189","name":"Firmengeschichte - Unfried.info - Obst und Gem\u00fcse","isPartOf":{"@id":"https:\/\/unfried.info\/#website"},"datePublished":"2022-05-03T06:05:40+00:00","dateModified":"2023-05-30T19:53:53+00:00","description":"Erfahren Sie mehr \u00fcber die Entstehungsgeschichte des Unternehmens. Wir entwickeln uns immer weiter und bauen die Firmengeschichte weiter aus.","breadcrumb":{"@id":"https:\/\/unfried.info\/?page_id=189#breadcrumb"},"inLanguage":"de","potentialAction":[{"@type":"ReadAction","target":["https:\/\/unfried.info\/?page_id=189"]}]},{"@type":"BreadcrumbList","@id":"https:\/\/unfried.info\/?page_id=189#breadcrumb","itemListElement":[{"@type":"ListItem","position":1,"name":"Startseite","item":"https:\/\/unfried.info\/"},{"@type":"ListItem","position":2,"name":"Firmengeschichte"}]},{"@type":"WebSite","@id":"https:\/\/unfried.info\/#website","url":"https:\/\/unfried.info\/","name":"Unfried.info - Obst und Gem\u00fcse","description":"Zusammenarbeit, die Fr\u00fcchte tr\u00e4gt","publisher":{"@id":"https:\/\/unfried.info\/#organization"},"potentialAction":[{"@type":"SearchAction","target":{"@type":"EntryPoint","urlTemplate":"https:\/\/unfried.info\/?s={search_term_string}"},"query-input":{"@type":"PropertyValueSpecification","valueRequired":true,"valueName":"search_term_string"}}],"inLanguage":"de"},{"@type":"Organization","@id":"https:\/\/unfried.info\/#organization","name":"Unfried.info - Obst und Gem\u00fcse","url":"https:\/\/unfried.info\/","logo":{"@type":"ImageObject","inLanguage":"de","@id":"https:\/\/unfried.info\/#\/schema\/logo\/image\/","url":"https:\/\/unfried.info\/wp-content\/uploads\/2021\/09\/cropped-logoklein-1-1.png","contentUrl":"https:\/\/unfried.info\/wp-content\/uploads\/2021\/09\/cropped-logoklein-1-1.png","width":112,"height":48,"caption":"Unfried.info - Obst und Gem\u00fcse"},"image":{"@id":"https:\/\/unfried.info\/#\/schema\/logo\/image\/"}}]}},"_links":{"self":[{"href":"https:\/\/unfried.info\/index.php?rest_route=\/wp\/v2\/pages\/189","targetHints":{"allow":["GET"]}}],"collection":[{"href":"https:\/\/unfried.info\/index.php?rest_route=\/wp\/v2\/pages"}],"about":[{"href":"https:\/\/unfried.info\/index.php?rest_route=\/wp\/v2\/types\/page"}],"author":[{"embeddable":true,"href":"https:\/\/unfried.info\/index.php?rest_route=\/wp\/v2\/users\/1"}],"replies":[{"embeddable":true,"href":"https:\/\/unfried.info\/index.php?rest_route=%2Fwp%2Fv2%2Fcomments&post=189"}],"version-history":[{"count":29,"href":"https:\/\/unfried.info\/index.php?rest_route=\/wp\/v2\/pages\/189\/revisions"}],"predecessor-version":[{"id":729,"href":"https:\/\/unfried.info\/index.php?rest_route=\/wp\/v2\/pages\/189\/revisions\/729"}],"wp:attachment":[{"href":"https:\/\/unfried.info\/index.php?rest_route=%2Fwp%2Fv2%2Fmedia&parent=189"}],"curies":[{"name":"wp","href":"https:\/\/api.w.org\/{rel}","templated":true}]}}