{"id":196,"date":"2022-05-03T06:05:41","date_gmt":"2022-05-03T06:05:41","guid":{"rendered":"https:\/\/unfried.info\/?page_id=196"},"modified":"2023-08-02T06:24:38","modified_gmt":"2023-08-02T06:24:38","slug":"bewusst-regional","status":"publish","type":"page","link":"https:\/\/unfried.info\/?page_id=196","title":{"rendered":"Bewusst Regional"},"content":{"rendered":"\n<section id=\"gmc288283\" class=\"wp-block-gutentor-m3 alignfull section-gmc288283 gutentor-module gutentor-container-cover has-image-bg has-custom-bg animated fadeIn\"><div class=\"grid-container\">\n<div style=\"height:48px\" aria-hidden=\"true\" class=\"wp-block-spacer\"><\/div>\n<\/div><\/section>\n\n\n\n<section id=\"gm994b1bc\" class=\"wp-block-gutentor-m3 alignfull section-gm994b1bc gutentor-module gutentor-container-cover has-image-bg has-custom-bg animated fadeIn\"><div class=\"grid-container\">\n<section id=\"gm9b92c44\" class=\"wp-block-gutentor-m3 alignwide section-gm9b92c44 gutentor-module gutentor-container-cover animated fadeIn\"><div class=\"grid-container\">\n<div style=\"height:100px\" aria-hidden=\"true\" class=\"wp-block-spacer\"><\/div>\n\n\n\n<h1 class=\"wp-block-heading\"><strong>Weil uns Regionalit\u00e4t wichtig ist\u2026<\/strong><\/h1>\n\n\n\n<p>\u2026.haben wir die Marke \u201eBewusst Regional\u201c ins Leben gerufen. Nachhaltigkeit verbinden viele Konsumentinnen und Konsumenten mit Regionalit\u00e4t und so legen unsere Partner: innen aus der Hotellerie und Gastronomie viel Wert auf regionale Produkte. Das ist auch gut so, denn regionale Lebensmittel schonen nicht nur die Umwelt, sondern unterst\u00fctzt auch die heimische Wirtschaft und das ist uns wichtig. Deshalb ich \u201eBewusst Regional\u201c keine Modeerscheinung, sondern eine Einstellung gegen\u00fcber der Natur und den Anbaupartner: innen mit denen wir zusammenarbeiten.<\/p>\n\n\n\n<div style=\"height:64px\" aria-hidden=\"true\" class=\"wp-block-spacer\"><\/div>\n\n\n<div class=\"wp-block-image\">\n<figure class=\"aligncenter size-full is-resized\"><img fetchpriority=\"high\" decoding=\"async\" src=\"https:\/\/unfried.info\/wp-content\/uploads\/2022\/12\/bewusst-regional-logo-v1-farbe.png\" alt=\"\" class=\"wp-image-617\" width=\"464\" height=\"250\" srcset=\"https:\/\/unfried.info\/wp-content\/uploads\/2022\/12\/bewusst-regional-logo-v1-farbe.png 1000w, https:\/\/unfried.info\/wp-content\/uploads\/2022\/12\/bewusst-regional-logo-v1-farbe-300x161.png 300w, https:\/\/unfried.info\/wp-content\/uploads\/2022\/12\/bewusst-regional-logo-v1-farbe-768x412.png 768w\" sizes=\"(max-width: 464px) 100vw, 464px\" \/><\/figure><\/div>\n\n\n<div style=\"height:64px\" aria-hidden=\"true\" class=\"wp-block-spacer\"><\/div>\n\n\n\n<h2 class=\"wp-block-heading\"><strong>Vorteile von \u201eBewusst Regional\u201c<\/strong><\/h2>\n\n\n\n<section id=\"gme10e8b5\" class=\"wp-block-gutentor-m4 section-gme10e8b5 gutentor-module gutentor-advanced-columns\"><div class=\"grid-container\"><div class=\"grid-row\">\n<div id=\"col-gm3048a5\" class=\"wp-block-gutentor-m4-col col-gm3048a5 gutentor-single-column  grid-lg-4 grid-md-12 grid-12\"><div id=\"section-gm3048a5\" class=\"section-gm3048a5 gutentor-col-wrap\">\n<h2 class=\"wp-block-heading\">Bewusst Regional<br><strong>Transportwege:<\/strong><br>  <\/h2>\n\n\n\n<p>Unsere regionalen Produkte stammen aus einem 35 Kilometer entfernten Radius, um den CO2-Fu\u00dfabdruck zu minimieren. Im Gegensatz zu importiertem Obst und Gem\u00fcse, das lange Transportwege per Flugzeug, Schiff oder Lkw zur\u00fccklegt, werden unsere Lebensmittel mit &#8222;Bewusst Regional&#8220; zur optimalen Reifezeit geerntet und direkt vom Feld in unser Frischezentrum gebracht. Dadurch gew\u00e4hrleisten wir kurze Transportwege und maximale Frische.<\/p>\n\n\n\n<p><\/p>\n<\/div><\/div>\n\n\n\n<div id=\"col-gmea13f8\" class=\"wp-block-gutentor-m4-col col-gmea13f8 gutentor-single-column  grid-lg-4 grid-md-12 grid-12\"><div id=\"section-gmea13f8\" class=\"section-gmea13f8 gutentor-col-wrap\">\n<h2 class=\"wp-block-heading\"><strong>Klima- und <\/strong><br><strong>Umweltschutz:<\/strong> <\/h2>\n\n\n\n<p>Regionale Produkte haben einen essenziellen Vorteil im Klimaschutz. Durch kurze Transportwege verursachen sie weniger CO2-Emissionen und bleiben l\u00e4nger haltbar im Vergleich zu importiertem Obst und Gem\u00fcse.<\/p>\n\n\n\n<p><\/p>\n<\/div><\/div>\n\n\n\n<div id=\"col-gm88a97c\" class=\"wp-block-gutentor-m4-col col-gm88a97c gutentor-single-column  grid-lg-4 grid-md-12 grid-12\"><div id=\"section-gm88a97c\" class=\"section-gm88a97c gutentor-col-wrap\">\n<h2 class=\"wp-block-heading\"><strong>St\u00e4rkung der <\/strong><br><strong>regionalen Wirtschaft: <\/strong><\/h2>\n\n\n\n<p>Mit &#8222;Bewusst Regional&#8220; setzen wir ein Zeichen f\u00fcr die heimische Wirtschaft und unterst\u00fctzen einander. Durch diese Zusammenarbeit sichern wir langfristig Arbeitspl\u00e4tze und f\u00f6rdern einen nachhaltigen \u00f6konomischen Kreislauf.<\/p>\n\n\n\n<p><\/p>\n<\/div><\/div>\n<\/div><\/div><\/section>\n\n\n\n<h2 class=\"wp-block-heading\">F\u00fcr alle beteiligen im \u201eBewusst Regional\u201c System ist klar, dass Regionalit\u00e4t eine Lebenseinstellung ist und daf\u00fcr sorgen unsere Anbaupartner: innen und wir.<\/h2>\n\n\n\n<h2 class=\"wp-block-heading\">Um m\u00f6glichst viele regionale Partner: innen zu erreichen, arbeiten wir weiterhin daran unsere Marke zu st\u00e4rken und weiter auszubauen.<\/h2>\n\n\n\n<div style=\"height:100px\" aria-hidden=\"true\" class=\"wp-block-spacer\"><\/div>\n<\/div><\/section>\n<\/div><\/section>\n","protected":false},"excerpt":{"rendered":"","protected":false},"author":1,"featured_media":0,"parent":0,"menu_order":0,"comment_status":"closed","ping_status":"closed","template":"","meta":{"neve_meta_sidebar":"","neve_meta_container":"","neve_meta_enable_content_width":"","neve_meta_content_width":0,"neve_meta_title_alignment":"","neve_meta_author_avatar":"","neve_post_elements_order":"","neve_meta_disable_header":"","neve_meta_disable_footer":"","neve_meta_disable_title":"on","_themeisle_gutenberg_block_has_review":false,"footnotes":""},"class_list":["post-196","page","type-page","status-publish","hentry"],"yoast_head":"<!-- This site is optimized with the Yoast SEO plugin v24.9 - https:\/\/yoast.com\/wordpress\/plugins\/seo\/ -->\n<title>Bewusst Regional - Unfried.info - Obst und Gem\u00fcse<\/title>\n<meta name=\"description\" content=\"Entdecken Sie nachhaltige, regionale Frischeprodukte mit kurzen Transportwegen f\u00fcr Klimaschutz und Wirtschaftsst\u00e4rkung.\" \/>\n<meta name=\"robots\" content=\"index, follow, max-snippet:-1, max-image-preview:large, max-video-preview:-1\" \/>\n<link rel=\"canonical\" href=\"https:\/\/unfried.info\/?page_id=196\" \/>\n<meta property=\"og:locale\" content=\"de_DE\" \/>\n<meta property=\"og:type\" content=\"article\" \/>\n<meta property=\"og:title\" content=\"Bewusst Regional - Unfried.info - Obst und Gem\u00fcse\" \/>\n<meta property=\"og:description\" content=\"Entdecken Sie nachhaltige, regionale Frischeprodukte mit kurzen Transportwegen f\u00fcr Klimaschutz und Wirtschaftsst\u00e4rkung.\" \/>\n<meta property=\"og:url\" content=\"https:\/\/unfried.info\/?page_id=196\" \/>\n<meta property=\"og:site_name\" content=\"Unfried.info - Obst und Gem\u00fcse\" \/>\n<meta property=\"article:modified_time\" content=\"2023-08-02T06:24:38+00:00\" \/>\n<meta property=\"og:image\" content=\"https:\/\/unfried.info\/wp-content\/uploads\/2022\/12\/bewusst-regional-logo-v1-farbe.png\" \/>\n<meta name=\"twitter:card\" content=\"summary_large_image\" \/>\n<meta name=\"twitter:label1\" content=\"Gesch\u00e4tzte Lesezeit\" \/>\n\t<meta name=\"twitter:data1\" content=\"2\u00a0Minuten\" \/>\n<script type=\"application\/ld+json\" class=\"yoast-schema-graph\">{\"@context\":\"https:\/\/schema.org\",\"@graph\":[{\"@type\":\"WebPage\",\"@id\":\"https:\/\/unfried.info\/?page_id=196\",\"url\":\"https:\/\/unfried.info\/?page_id=196\",\"name\":\"Bewusst Regional - Unfried.info - Obst und Gem\u00fcse\",\"isPartOf\":{\"@id\":\"https:\/\/unfried.info\/#website\"},\"primaryImageOfPage\":{\"@id\":\"https:\/\/unfried.info\/?page_id=196#primaryimage\"},\"image\":{\"@id\":\"https:\/\/unfried.info\/?page_id=196#primaryimage\"},\"thumbnailUrl\":\"https:\/\/unfried.info\/wp-content\/uploads\/2022\/12\/bewusst-regional-logo-v1-farbe.png\",\"datePublished\":\"2022-05-03T06:05:41+00:00\",\"dateModified\":\"2023-08-02T06:24:38+00:00\",\"description\":\"Entdecken Sie nachhaltige, regionale Frischeprodukte mit kurzen Transportwegen f\u00fcr Klimaschutz und Wirtschaftsst\u00e4rkung.\",\"breadcrumb\":{\"@id\":\"https:\/\/unfried.info\/?page_id=196#breadcrumb\"},\"inLanguage\":\"de\",\"potentialAction\":[{\"@type\":\"ReadAction\",\"target\":[\"https:\/\/unfried.info\/?page_id=196\"]}]},{\"@type\":\"ImageObject\",\"inLanguage\":\"de\",\"@id\":\"https:\/\/unfried.info\/?page_id=196#primaryimage\",\"url\":\"https:\/\/unfried.info\/wp-content\/uploads\/2022\/12\/bewusst-regional-logo-v1-farbe.png\",\"contentUrl\":\"https:\/\/unfried.info\/wp-content\/uploads\/2022\/12\/bewusst-regional-logo-v1-farbe.png\",\"width\":1000,\"height\":537},{\"@type\":\"BreadcrumbList\",\"@id\":\"https:\/\/unfried.info\/?page_id=196#breadcrumb\",\"itemListElement\":[{\"@type\":\"ListItem\",\"position\":1,\"name\":\"Startseite\",\"item\":\"https:\/\/unfried.info\/\"},{\"@type\":\"ListItem\",\"position\":2,\"name\":\"Bewusst Regional\"}]},{\"@type\":\"WebSite\",\"@id\":\"https:\/\/unfried.info\/#website\",\"url\":\"https:\/\/unfried.info\/\",\"name\":\"Unfried.info - Obst und Gem\u00fcse\",\"description\":\"Zusammenarbeit, die Fr\u00fcchte tr\u00e4gt\",\"publisher\":{\"@id\":\"https:\/\/unfried.info\/#organization\"},\"potentialAction\":[{\"@type\":\"SearchAction\",\"target\":{\"@type\":\"EntryPoint\",\"urlTemplate\":\"https:\/\/unfried.info\/?s={search_term_string}\"},\"query-input\":{\"@type\":\"PropertyValueSpecification\",\"valueRequired\":true,\"valueName\":\"search_term_string\"}}],\"inLanguage\":\"de\"},{\"@type\":\"Organization\",\"@id\":\"https:\/\/unfried.info\/#organization\",\"name\":\"Unfried.info - Obst und Gem\u00fcse\",\"url\":\"https:\/\/unfried.info\/\",\"logo\":{\"@type\":\"ImageObject\",\"inLanguage\":\"de\",\"@id\":\"https:\/\/unfried.info\/#\/schema\/logo\/image\/\",\"url\":\"https:\/\/unfried.info\/wp-content\/uploads\/2021\/09\/cropped-logoklein-1-1.png\",\"contentUrl\":\"https:\/\/unfried.info\/wp-content\/uploads\/2021\/09\/cropped-logoklein-1-1.png\",\"width\":112,\"height\":48,\"caption\":\"Unfried.info - Obst und Gem\u00fcse\"},\"image\":{\"@id\":\"https:\/\/unfried.info\/#\/schema\/logo\/image\/\"}}]}<\/script>\n<!-- \/ Yoast SEO plugin. -->","yoast_head_json":{"title":"Bewusst Regional - Unfried.info - Obst und Gem\u00fcse","description":"Entdecken Sie nachhaltige, regionale Frischeprodukte mit kurzen Transportwegen f\u00fcr Klimaschutz und Wirtschaftsst\u00e4rkung.","robots":{"index":"index","follow":"follow","max-snippet":"max-snippet:-1","max-image-preview":"max-image-preview:large","max-video-preview":"max-video-preview:-1"},"canonical":"https:\/\/unfried.info\/?page_id=196","og_locale":"de_DE","og_type":"article","og_title":"Bewusst Regional - Unfried.info - Obst und Gem\u00fcse","og_description":"Entdecken Sie nachhaltige, regionale Frischeprodukte mit kurzen Transportwegen f\u00fcr Klimaschutz und Wirtschaftsst\u00e4rkung.","og_url":"https:\/\/unfried.info\/?page_id=196","og_site_name":"Unfried.info - Obst und Gem\u00fcse","article_modified_time":"2023-08-02T06:24:38+00:00","og_image":[{"url":"https:\/\/unfried.info\/wp-content\/uploads\/2022\/12\/bewusst-regional-logo-v1-farbe.png","type":"","width":"","height":""}],"twitter_card":"summary_large_image","twitter_misc":{"Gesch\u00e4tzte Lesezeit":"2\u00a0Minuten"},"schema":{"@context":"https:\/\/schema.org","@graph":[{"@type":"WebPage","@id":"https:\/\/unfried.info\/?page_id=196","url":"https:\/\/unfried.info\/?page_id=196","name":"Bewusst Regional - Unfried.info - Obst und Gem\u00fcse","isPartOf":{"@id":"https:\/\/unfried.info\/#website"},"primaryImageOfPage":{"@id":"https:\/\/unfried.info\/?page_id=196#primaryimage"},"image":{"@id":"https:\/\/unfried.info\/?page_id=196#primaryimage"},"thumbnailUrl":"https:\/\/unfried.info\/wp-content\/uploads\/2022\/12\/bewusst-regional-logo-v1-farbe.png","datePublished":"2022-05-03T06:05:41+00:00","dateModified":"2023-08-02T06:24:38+00:00","description":"Entdecken Sie nachhaltige, regionale Frischeprodukte mit kurzen Transportwegen f\u00fcr Klimaschutz und Wirtschaftsst\u00e4rkung.","breadcrumb":{"@id":"https:\/\/unfried.info\/?page_id=196#breadcrumb"},"inLanguage":"de","potentialAction":[{"@type":"ReadAction","target":["https:\/\/unfried.info\/?page_id=196"]}]},{"@type":"ImageObject","inLanguage":"de","@id":"https:\/\/unfried.info\/?page_id=196#primaryimage","url":"https:\/\/unfried.info\/wp-content\/uploads\/2022\/12\/bewusst-regional-logo-v1-farbe.png","contentUrl":"https:\/\/unfried.info\/wp-content\/uploads\/2022\/12\/bewusst-regional-logo-v1-farbe.png","width":1000,"height":537},{"@type":"BreadcrumbList","@id":"https:\/\/unfried.info\/?page_id=196#breadcrumb","itemListElement":[{"@type":"ListItem","position":1,"name":"Startseite","item":"https:\/\/unfried.info\/"},{"@type":"ListItem","position":2,"name":"Bewusst Regional"}]},{"@type":"WebSite","@id":"https:\/\/unfried.info\/#website","url":"https:\/\/unfried.info\/","name":"Unfried.info - Obst und Gem\u00fcse","description":"Zusammenarbeit, die Fr\u00fcchte tr\u00e4gt","publisher":{"@id":"https:\/\/unfried.info\/#organization"},"potentialAction":[{"@type":"SearchAction","target":{"@type":"EntryPoint","urlTemplate":"https:\/\/unfried.info\/?s={search_term_string}"},"query-input":{"@type":"PropertyValueSpecification","valueRequired":true,"valueName":"search_term_string"}}],"inLanguage":"de"},{"@type":"Organization","@id":"https:\/\/unfried.info\/#organization","name":"Unfried.info - Obst und Gem\u00fcse","url":"https:\/\/unfried.info\/","logo":{"@type":"ImageObject","inLanguage":"de","@id":"https:\/\/unfried.info\/#\/schema\/logo\/image\/","url":"https:\/\/unfried.info\/wp-content\/uploads\/2021\/09\/cropped-logoklein-1-1.png","contentUrl":"https:\/\/unfried.info\/wp-content\/uploads\/2021\/09\/cropped-logoklein-1-1.png","width":112,"height":48,"caption":"Unfried.info - Obst und Gem\u00fcse"},"image":{"@id":"https:\/\/unfried.info\/#\/schema\/logo\/image\/"}}]}},"_links":{"self":[{"href":"https:\/\/unfried.info\/index.php?rest_route=\/wp\/v2\/pages\/196","targetHints":{"allow":["GET"]}}],"collection":[{"href":"https:\/\/unfried.info\/index.php?rest_route=\/wp\/v2\/pages"}],"about":[{"href":"https:\/\/unfried.info\/index.php?rest_route=\/wp\/v2\/types\/page"}],"author":[{"embeddable":true,"href":"https:\/\/unfried.info\/index.php?rest_route=\/wp\/v2\/users\/1"}],"replies":[{"embeddable":true,"href":"https:\/\/unfried.info\/index.php?rest_route=%2Fwp%2Fv2%2Fcomments&post=196"}],"version-history":[{"count":11,"href":"https:\/\/unfried.info\/index.php?rest_route=\/wp\/v2\/pages\/196\/revisions"}],"predecessor-version":[{"id":898,"href":"https:\/\/unfried.info\/index.php?rest_route=\/wp\/v2\/pages\/196\/revisions\/898"}],"wp:attachment":[{"href":"https:\/\/unfried.info\/index.php?rest_route=%2Fwp%2Fv2%2Fmedia&parent=196"}],"curies":[{"name":"wp","href":"https:\/\/api.w.org\/{rel}","templated":true}]}}