{"id":232,"date":"2022-05-03T06:09:41","date_gmt":"2022-05-03T06:09:41","guid":{"rendered":"https:\/\/unfried.info\/?page_id=232"},"modified":"2025-10-06T08:18:54","modified_gmt":"2025-10-06T08:18:54","slug":"aktionsblaetter","status":"publish","type":"page","link":"https:\/\/unfried.info\/?page_id=232","title":{"rendered":"Marktinformation"},"content":{"rendered":"\n<section id=\"gme8e2cae\" class=\"wp-block-gutentor-m3 alignfull section-gme8e2cae gutentor-module gutentor-container-cover has-image-bg has-custom-bg animated fadeIn\"><div class=\"grid-container\">\n<div style=\"height:48px\" aria-hidden=\"true\" class=\"wp-block-spacer\"><\/div>\n<\/div><\/section>\n\n\n\n<section id=\"gme62d477\" class=\"wp-block-gutentor-m3 alignfull section-gme62d477 gutentor-module gutentor-container-cover has-image-bg has-custom-bg animated fadeIn\"><div class=\"grid-container\">\n<section id=\"gm1e45af8\" class=\"wp-block-gutentor-m3 alignwide section-gm1e45af8 gutentor-module gutentor-container-cover animated fadeIn\"><div class=\"grid-container\">\n<div style=\"height:100px\" aria-hidden=\"true\" class=\"wp-block-spacer\"><\/div>\n\n\n<a href=\"https:\/\/unfried.info\/wp-content\/uploads\/2025\/10\/Marktinfoblatt-KW-41-2025.pdf\" class=\"pdfemb-viewer\" style=\"\" data-width=\"max\" data-height=\"max\" data-toolbar=\"bottom\" data-toolbar-fixed=\"off\">Marktinfoblatt-KW-41-2025<\/a>\n\n\n<div style=\"height:100px\" aria-hidden=\"true\" class=\"wp-block-spacer\"><\/div>\n<\/div><\/section>\n<\/div><\/section>\n","protected":false},"excerpt":{"rendered":"","protected":false},"author":1,"featured_media":0,"parent":0,"menu_order":0,"comment_status":"closed","ping_status":"closed","template":"","meta":{"neve_meta_sidebar":"","neve_meta_container":"","neve_meta_enable_content_width":"","neve_meta_content_width":0,"neve_meta_title_alignment":"","neve_meta_author_avatar":"","neve_post_elements_order":"","neve_meta_disable_header":"","neve_meta_disable_footer":"","neve_meta_disable_title":"on","_themeisle_gutenberg_block_has_review":false,"footnotes":""},"class_list":["post-232","page","type-page","status-publish","hentry"],"yoast_head":"<!-- This site is optimized with the Yoast SEO plugin v24.9 - https:\/\/yoast.com\/wordpress\/plugins\/seo\/ -->\n<title>Marktinformation - Unfried.info - Obst und Gem\u00fcse<\/title>\n<meta name=\"robots\" content=\"index, follow, max-snippet:-1, max-image-preview:large, max-video-preview:-1\" \/>\n<link rel=\"canonical\" href=\"https:\/\/unfried.info\/?page_id=232\" \/>\n<meta property=\"og:locale\" content=\"de_DE\" \/>\n<meta property=\"og:type\" content=\"article\" \/>\n<meta property=\"og:title\" content=\"Marktinformation - Unfried.info - Obst und Gem\u00fcse\" \/>\n<meta property=\"og:url\" content=\"https:\/\/unfried.info\/?page_id=232\" \/>\n<meta property=\"og:site_name\" content=\"Unfried.info - Obst und Gem\u00fcse\" \/>\n<meta property=\"article:modified_time\" content=\"2025-10-06T08:18:54+00:00\" \/>\n<meta name=\"twitter:card\" content=\"summary_large_image\" \/>\n<script type=\"application\/ld+json\" class=\"yoast-schema-graph\">{\"@context\":\"https:\/\/schema.org\",\"@graph\":[{\"@type\":\"WebPage\",\"@id\":\"https:\/\/unfried.info\/?page_id=232\",\"url\":\"https:\/\/unfried.info\/?page_id=232\",\"name\":\"Marktinformation - Unfried.info - Obst und Gem\u00fcse\",\"isPartOf\":{\"@id\":\"https:\/\/unfried.info\/#website\"},\"datePublished\":\"2022-05-03T06:09:41+00:00\",\"dateModified\":\"2025-10-06T08:18:54+00:00\",\"breadcrumb\":{\"@id\":\"https:\/\/unfried.info\/?page_id=232#breadcrumb\"},\"inLanguage\":\"de\",\"potentialAction\":[{\"@type\":\"ReadAction\",\"target\":[\"https:\/\/unfried.info\/?page_id=232\"]}]},{\"@type\":\"BreadcrumbList\",\"@id\":\"https:\/\/unfried.info\/?page_id=232#breadcrumb\",\"itemListElement\":[{\"@type\":\"ListItem\",\"position\":1,\"name\":\"Startseite\",\"item\":\"https:\/\/unfried.info\/\"},{\"@type\":\"ListItem\",\"position\":2,\"name\":\"Marktinformation\"}]},{\"@type\":\"WebSite\",\"@id\":\"https:\/\/unfried.info\/#website\",\"url\":\"https:\/\/unfried.info\/\",\"name\":\"Unfried.info - Obst und Gem\u00fcse\",\"description\":\"Zusammenarbeit, die Fr\u00fcchte tr\u00e4gt\",\"publisher\":{\"@id\":\"https:\/\/unfried.info\/#organization\"},\"potentialAction\":[{\"@type\":\"SearchAction\",\"target\":{\"@type\":\"EntryPoint\",\"urlTemplate\":\"https:\/\/unfried.info\/?s={search_term_string}\"},\"query-input\":{\"@type\":\"PropertyValueSpecification\",\"valueRequired\":true,\"valueName\":\"search_term_string\"}}],\"inLanguage\":\"de\"},{\"@type\":\"Organization\",\"@id\":\"https:\/\/unfried.info\/#organization\",\"name\":\"Unfried.info - Obst und Gem\u00fcse\",\"url\":\"https:\/\/unfried.info\/\",\"logo\":{\"@type\":\"ImageObject\",\"inLanguage\":\"de\",\"@id\":\"https:\/\/unfried.info\/#\/schema\/logo\/image\/\",\"url\":\"https:\/\/unfried.info\/wp-content\/uploads\/2021\/09\/cropped-logoklein-1-1.png\",\"contentUrl\":\"https:\/\/unfried.info\/wp-content\/uploads\/2021\/09\/cropped-logoklein-1-1.png\",\"width\":112,\"height\":48,\"caption\":\"Unfried.info - Obst und Gem\u00fcse\"},\"image\":{\"@id\":\"https:\/\/unfried.info\/#\/schema\/logo\/image\/\"}}]}<\/script>\n<!-- \/ Yoast SEO plugin. -->","yoast_head_json":{"title":"Marktinformation - Unfried.info - Obst und Gem\u00fcse","robots":{"index":"index","follow":"follow","max-snippet":"max-snippet:-1","max-image-preview":"max-image-preview:large","max-video-preview":"max-video-preview:-1"},"canonical":"https:\/\/unfried.info\/?page_id=232","og_locale":"de_DE","og_type":"article","og_title":"Marktinformation - Unfried.info - Obst und Gem\u00fcse","og_url":"https:\/\/unfried.info\/?page_id=232","og_site_name":"Unfried.info - Obst und Gem\u00fcse","article_modified_time":"2025-10-06T08:18:54+00:00","twitter_card":"summary_large_image","schema":{"@context":"https:\/\/schema.org","@graph":[{"@type":"WebPage","@id":"https:\/\/unfried.info\/?page_id=232","url":"https:\/\/unfried.info\/?page_id=232","name":"Marktinformation - Unfried.info - Obst und Gem\u00fcse","isPartOf":{"@id":"https:\/\/unfried.info\/#website"},"datePublished":"2022-05-03T06:09:41+00:00","dateModified":"2025-10-06T08:18:54+00:00","breadcrumb":{"@id":"https:\/\/unfried.info\/?page_id=232#breadcrumb"},"inLanguage":"de","potentialAction":[{"@type":"ReadAction","target":["https:\/\/unfried.info\/?page_id=232"]}]},{"@type":"BreadcrumbList","@id":"https:\/\/unfried.info\/?page_id=232#breadcrumb","itemListElement":[{"@type":"ListItem","position":1,"name":"Startseite","item":"https:\/\/unfried.info\/"},{"@type":"ListItem","position":2,"name":"Marktinformation"}]},{"@type":"WebSite","@id":"https:\/\/unfried.info\/#website","url":"https:\/\/unfried.info\/","name":"Unfried.info - Obst und Gem\u00fcse","description":"Zusammenarbeit, die Fr\u00fcchte tr\u00e4gt","publisher":{"@id":"https:\/\/unfried.info\/#organization"},"potentialAction":[{"@type":"SearchAction","target":{"@type":"EntryPoint","urlTemplate":"https:\/\/unfried.info\/?s={search_term_string}"},"query-input":{"@type":"PropertyValueSpecification","valueRequired":true,"valueName":"search_term_string"}}],"inLanguage":"de"},{"@type":"Organization","@id":"https:\/\/unfried.info\/#organization","name":"Unfried.info - Obst und Gem\u00fcse","url":"https:\/\/unfried.info\/","logo":{"@type":"ImageObject","inLanguage":"de","@id":"https:\/\/unfried.info\/#\/schema\/logo\/image\/","url":"https:\/\/unfried.info\/wp-content\/uploads\/2021\/09\/cropped-logoklein-1-1.png","contentUrl":"https:\/\/unfried.info\/wp-content\/uploads\/2021\/09\/cropped-logoklein-1-1.png","width":112,"height":48,"caption":"Unfried.info - Obst und Gem\u00fcse"},"image":{"@id":"https:\/\/unfried.info\/#\/schema\/logo\/image\/"}}]}},"_links":{"self":[{"href":"https:\/\/unfried.info\/index.php?rest_route=\/wp\/v2\/pages\/232","targetHints":{"allow":["GET"]}}],"collection":[{"href":"https:\/\/unfried.info\/index.php?rest_route=\/wp\/v2\/pages"}],"about":[{"href":"https:\/\/unfried.info\/index.php?rest_route=\/wp\/v2\/types\/page"}],"author":[{"embeddable":true,"href":"https:\/\/unfried.info\/index.php?rest_route=\/wp\/v2\/users\/1"}],"replies":[{"embeddable":true,"href":"https:\/\/unfried.info\/index.php?rest_route=%2Fwp%2Fv2%2Fcomments&post=232"}],"version-history":[{"count":64,"href":"https:\/\/unfried.info\/index.php?rest_route=\/wp\/v2\/pages\/232\/revisions"}],"predecessor-version":[{"id":1098,"href":"https:\/\/unfried.info\/index.php?rest_route=\/wp\/v2\/pages\/232\/revisions\/1098"}],"wp:attachment":[{"href":"https:\/\/unfried.info\/index.php?rest_route=%2Fwp%2Fv2%2Fmedia&parent=232"}],"curies":[{"name":"wp","href":"https:\/\/api.w.org\/{rel}","templated":true}]}}