{"id":317,"date":"2022-08-16T06:37:23","date_gmt":"2022-08-16T06:37:23","guid":{"rendered":"https:\/\/unfried.info\/?page_id=317"},"modified":"2023-05-30T19:55:06","modified_gmt":"2023-05-30T19:55:06","slug":"news","status":"publish","type":"page","link":"https:\/\/unfried.info\/?page_id=317","title":{"rendered":"Sozial Media"},"content":{"rendered":"\n<section id=\"gmbd493a5\" class=\"wp-block-gutentor-m3 alignfull section-gmbd493a5 gutentor-module gutentor-container-cover has-image-bg has-custom-bg animated fadeIn\"><div class=\"grid-container\">\n<div style=\"height:48px\" aria-hidden=\"true\" class=\"wp-block-spacer\"><\/div>\n<\/div><\/section>\n\n\n\n<section id=\"gm00b4505\" class=\"wp-block-gutentor-m3 alignfull section-gm00b4505 gutentor-module gutentor-container-cover has-image-bg has-custom-bg animated fadeIn\"><div class=\"grid-container\">\n<section id=\"gmbe97188\" class=\"wp-block-gutentor-m3 alignwide section-gmbe97188 gutentor-module gutentor-container-cover animated fadeIn\"><div class=\"grid-container\">\n<div style=\"height:100px\" aria-hidden=\"true\" class=\"wp-block-spacer\"><\/div>\n\n\n        <div\n            class=\"spotlight-instagram-feed\"\n            data-feed-var=\"cca3ad84\"\n            data-analytics=\"0\"\n            data-instance=\"317\"\n        >\n        <\/div>\n        <input type=\"hidden\" id=\"sli__f__cca3ad84\" data-json='{&quot;useCase&quot;:&quot;accounts&quot;,&quot;template&quot;:&quot;classic&quot;,&quot;layout&quot;:&quot;grid&quot;,&quot;numColumns&quot;:{&quot;desktop&quot;:3},&quot;highlightFreq&quot;:{&quot;desktop&quot;:7},&quot;sliderNumScrollPosts&quot;:{&quot;desktop&quot;:1},&quot;sliderInfinite&quot;:true,&quot;sliderLoop&quot;:false,&quot;sliderArrowPos&quot;:{&quot;desktop&quot;:&quot;inside&quot;},&quot;sliderArrowSize&quot;:{&quot;desktop&quot;:20},&quot;sliderArrowColor&quot;:{&quot;r&quot;:255,&quot;b&quot;:255,&quot;g&quot;:255,&quot;a&quot;:1},&quot;sliderArrowBgColor&quot;:{&quot;r&quot;:0,&quot;b&quot;:0,&quot;g&quot;:0,&quot;a&quot;:0.8},&quot;sliderAutoScroll&quot;:false,&quot;sliderAutoInterval&quot;:3,&quot;postOrder&quot;:&quot;date_desc&quot;,&quot;numPosts&quot;:{&quot;desktop&quot;:9},&quot;linkBehavior&quot;:{&quot;desktop&quot;:&quot;lightbox&quot;},&quot;feedWidth&quot;:{&quot;desktop&quot;:&quot;&quot;},&quot;feedHeight&quot;:{&quot;desktop&quot;:&quot;&quot;},&quot;feedPadding&quot;:{&quot;desktop&quot;:24,&quot;tablet&quot;:14,&quot;phone&quot;:10},&quot;imgPadding&quot;:{&quot;desktop&quot;:10,&quot;tablet&quot;:10,&quot;phone&quot;:6},&quot;textSize&quot;:{&quot;desktop&quot;:&quot;&quot;,&quot;tablet&quot;:&quot;&quot;,&quot;phone&quot;:&quot;&quot;},&quot;bgColor&quot;:{&quot;r&quot;:255,&quot;g&quot;:255,&quot;b&quot;:255,&quot;a&quot;:1},&quot;hoverInfo&quot;:[&quot;likes_comments&quot;,&quot;insta_link&quot;],&quot;textColorHover&quot;:{&quot;r&quot;:255,&quot;g&quot;:255,&quot;b&quot;:255,&quot;a&quot;:1},&quot;bgColorHover&quot;:{&quot;r&quot;:0,&quot;g&quot;:0,&quot;b&quot;:0,&quot;a&quot;:0.5},&quot;showHeader&quot;:{&quot;desktop&quot;:true},&quot;headerInfo&quot;:{&quot;desktop&quot;:[&quot;profile_pic&quot;,&quot;bio&quot;]},&quot;headerAccount&quot;:5,&quot;headerStyle&quot;:{&quot;desktop&quot;:&quot;normal&quot;,&quot;phone&quot;:&quot;normal&quot;},&quot;headerTextSize&quot;:{&quot;desktop&quot;:&quot;&quot;},&quot;headerPhotoSize&quot;:{&quot;desktop&quot;:50},&quot;headerTextColor&quot;:{&quot;r&quot;:0,&quot;g&quot;:0,&quot;b&quot;:0,&quot;a&quot;:1},&quot;headerBgColor&quot;:{&quot;r&quot;:255,&quot;g&quot;:255,&quot;b&quot;:255,&quot;a&quot;:0},&quot;headerPadding&quot;:{&quot;desktop&quot;:0,&quot;phone&quot;:0},&quot;customProfilePic&quot;:0,&quot;customBioText&quot;:&quot;&quot;,&quot;includeStories&quot;:false,&quot;storiesInterval&quot;:5,&quot;showCaptions&quot;:{&quot;desktop&quot;:false},&quot;captionMaxLength&quot;:{&quot;desktop&quot;:0},&quot;captionRemoveDots&quot;:false,&quot;captionSize&quot;:{&quot;desktop&quot;:0},&quot;captionColor&quot;:{&quot;r&quot;:0,&quot;g&quot;:0,&quot;b&quot;:0,&quot;a&quot;:1},&quot;showLikes&quot;:{&quot;desktop&quot;:false},&quot;showComments&quot;:{&quot;desktop&quot;:false},&quot;lcIconSize&quot;:{&quot;desktop&quot;:14},&quot;likesIconColor&quot;:{&quot;r&quot;:0,&quot;g&quot;:0,&quot;b&quot;:0,&quot;a&quot;:1},&quot;commentsIconColor&quot;:{&quot;r&quot;:0,&quot;g&quot;:0,&quot;b&quot;:0,&quot;a&quot;:1},&quot;lightboxShowSidebar&quot;:false,&quot;lightboxCtaStyle&quot;:&quot;link&quot;,&quot;lightboxCtaDesign&quot;:{&quot;text&quot;:{&quot;color&quot;:{&quot;r&quot;:0,&quot;g&quot;:0,&quot;b&quot;:0,&quot;a&quot;:1},&quot;align&quot;:&quot;center&quot;},&quot;bgColor&quot;:{&quot;r&quot;:230,&quot;g&quot;:230,&quot;b&quot;:230,&quot;a&quot;:1},&quot;border&quot;:{&quot;radius&quot;:3}},&quot;numLightboxComments&quot;:50,&quot;showLoadMoreBtn&quot;:{&quot;desktop&quot;:true},&quot;loadMoreBtnDesign&quot;:{&quot;text&quot;:{&quot;color&quot;:{&quot;r&quot;:35,&quot;g&quot;:143,&quot;b&quot;:181,&quot;a&quot;:1},&quot;align&quot;:&quot;center&quot;},&quot;border&quot;:{&quot;radius&quot;:3},&quot;bgColor&quot;:{&quot;r&quot;:41,&quot;g&quot;:167,&quot;b&quot;:210,&quot;a&quot;:0.1},&quot;margin&quot;:{&quot;top&quot;:0,&quot;bottom&quot;:0,&quot;left&quot;:0,&quot;right&quot;:0}},&quot;loadMoreBtnText&quot;:&quot;Load More Posts&quot;,&quot;loadMoreBtnScroll&quot;:false,&quot;autoload&quot;:false,&quot;showFollowBtn&quot;:{&quot;desktop&quot;:true},&quot;followBtnText&quot;:&quot;Follow on Instagram&quot;,&quot;followBtnDesign&quot;:{&quot;text&quot;:{&quot;color&quot;:{&quot;r&quot;:255,&quot;g&quot;:255,&quot;b&quot;:255,&quot;a&quot;:1},&quot;align&quot;:&quot;center&quot;},&quot;border&quot;:{&quot;radius&quot;:3},&quot;bgColor&quot;:{&quot;r&quot;:41,&quot;g&quot;:167,&quot;b&quot;:210,&quot;a&quot;:1},&quot;margin&quot;:{&quot;top&quot;:0,&quot;bottom&quot;:0,&quot;left&quot;:0,&quot;right&quot;:0}},&quot;followBtnLocation&quot;:{&quot;desktop&quot;:&quot;header&quot;,&quot;phone&quot;:&quot;bottom&quot;},&quot;alignFooterButtons&quot;:{&quot;desktop&quot;:false},&quot;customCss&quot;:&quot;\\\/* Enter your custom CSS below *\\\/\\n\\n&quot;,&quot;accounts&quot;:[390],&quot;tagged&quot;:[],&quot;hashtags&quot;:[],&quot;mediaType&quot;:&quot;all&quot;,&quot;hashtagWhitelist&quot;:[],&quot;hashtagBlacklist&quot;:[],&quot;captionWhitelist&quot;:[],&quot;captionBlacklist&quot;:[],&quot;hashtagWhitelistSettings&quot;:true,&quot;hashtagBlacklistSettings&quot;:true,&quot;captionWhitelistSettings&quot;:true,&quot;captionBlacklistSettings&quot;:true,&quot;moderation&quot;:[],&quot;moderationMode&quot;:&quot;blacklist&quot;,&quot;promosVersion&quot;:2,&quot;promosEnabled&quot;:true,&quot;globalPromosEnabled&quot;:true,&quot;autoPromosEnabled&quot;:true,&quot;promoOverrides&quot;:[],&quot;feedPromo&quot;:{&quot;linkSource&quot;:{&quot;type&quot;:null},&quot;linkBehavior&quot;:{&quot;openNewTab&quot;:false,&quot;showPopupBox&quot;:false},&quot;linkText&quot;:&quot;&quot;},&quot;gaCampaignSource&quot;:&quot;&quot;,&quot;gaCampaignMedium&quot;:&quot;&quot;,&quot;gaCampaignName&quot;:&quot;&quot;,&quot;className&quot;:&quot;&quot;}' \/>\n        <input type=\"hidden\" id=\"sli__a__cca3ad84\" data-json='[{&quot;id&quot;:390,&quot;type&quot;:&quot;BUSINESS&quot;,&quot;userId&quot;:&quot;17841415353262963&quot;,&quot;username&quot;:&quot;obstunfried&quot;,&quot;bio&quot;:&quot;&quot;,&quot;customBio&quot;:&quot;&quot;,&quot;profilePicUrl&quot;:&quot;https:\\\/\\\/scontent-zrh1-1.xx.fbcdn.net\\\/v\\\/t51.2885-15\\\/62545133_694709010968170_6482853327691317248_n.jpg?_nc_cat=103&amp;ccb=1-7&amp;_nc_sid=7d201b&amp;_nc_ohc=B7Tn9oMbSY8Q7kNvwFGhde9&amp;_nc_oc=AdqBYkcw15QrfyIXDhY84jO4tDn5uf_QjD0zG3IPcFrzRfle1VeIdU67AFI_RH0n3P2AtdkNlv2Uc9hn52ey1mW9&amp;_nc_zt=23&amp;_nc_ht=scontent-zrh1-1.xx&amp;edm=AL-3X8kEAAAA&amp;oh=00_Af3PFt45QKH6zYwKQ-h3Y2hAvoM4WmCJmNf-MA6dPXubEQ&amp;oe=69EA739E&quot;,&quot;customProfilePicUrl&quot;:&quot;&quot;,&quot;mediaCount&quot;:&quot;123&quot;,&quot;followersCount&quot;:&quot;836&quot;,&quot;usages&quot;:[],&quot;creationDate&quot;:&quot;2022-11-21 23:43:27&quot;}]' \/>\n        <input type=\"hidden\" id=\"sli__m__cca3ad84\" data-json='[]' \/>\n        \n\n\n<div style=\"height:100px\" aria-hidden=\"true\" class=\"wp-block-spacer\"><\/div>\n<\/div><\/section>\n<\/div><\/section>\n","protected":false},"excerpt":{"rendered":"","protected":false},"author":1,"featured_media":0,"parent":0,"menu_order":0,"comment_status":"closed","ping_status":"closed","template":"","meta":{"neve_meta_sidebar":"","neve_meta_container":"","neve_meta_enable_content_width":"","neve_meta_content_width":0,"neve_meta_title_alignment":"","neve_meta_author_avatar":"","neve_post_elements_order":"","neve_meta_disable_header":"","neve_meta_disable_footer":"","neve_meta_disable_title":"on","_themeisle_gutenberg_block_has_review":false,"footnotes":""},"class_list":["post-317","page","type-page","status-publish","hentry"],"yoast_head":"<!-- This site is optimized with the Yoast SEO plugin v24.9 - https:\/\/yoast.com\/wordpress\/plugins\/seo\/ -->\n<title>Sozial Media - Unfried.info - Obst und Gem\u00fcse<\/title>\n<meta name=\"robots\" content=\"index, follow, max-snippet:-1, max-image-preview:large, max-video-preview:-1\" \/>\n<link rel=\"canonical\" href=\"https:\/\/unfried.info\/?page_id=317\" \/>\n<meta property=\"og:locale\" content=\"de_DE\" \/>\n<meta property=\"og:type\" content=\"article\" \/>\n<meta property=\"og:title\" content=\"Sozial Media - Unfried.info - Obst und Gem\u00fcse\" \/>\n<meta property=\"og:url\" content=\"https:\/\/unfried.info\/?page_id=317\" \/>\n<meta property=\"og:site_name\" content=\"Unfried.info - Obst und Gem\u00fcse\" \/>\n<meta property=\"article:modified_time\" content=\"2023-05-30T19:55:06+00:00\" \/>\n<meta name=\"twitter:card\" content=\"summary_large_image\" \/>\n<script type=\"application\/ld+json\" class=\"yoast-schema-graph\">{\"@context\":\"https:\/\/schema.org\",\"@graph\":[{\"@type\":\"WebPage\",\"@id\":\"https:\/\/unfried.info\/?page_id=317\",\"url\":\"https:\/\/unfried.info\/?page_id=317\",\"name\":\"Sozial Media - Unfried.info - Obst und Gem\u00fcse\",\"isPartOf\":{\"@id\":\"https:\/\/unfried.info\/#website\"},\"datePublished\":\"2022-08-16T06:37:23+00:00\",\"dateModified\":\"2023-05-30T19:55:06+00:00\",\"breadcrumb\":{\"@id\":\"https:\/\/unfried.info\/?page_id=317#breadcrumb\"},\"inLanguage\":\"de\",\"potentialAction\":[{\"@type\":\"ReadAction\",\"target\":[\"https:\/\/unfried.info\/?page_id=317\"]}]},{\"@type\":\"BreadcrumbList\",\"@id\":\"https:\/\/unfried.info\/?page_id=317#breadcrumb\",\"itemListElement\":[{\"@type\":\"ListItem\",\"position\":1,\"name\":\"Startseite\",\"item\":\"https:\/\/unfried.info\/\"},{\"@type\":\"ListItem\",\"position\":2,\"name\":\"Sozial Media\"}]},{\"@type\":\"WebSite\",\"@id\":\"https:\/\/unfried.info\/#website\",\"url\":\"https:\/\/unfried.info\/\",\"name\":\"Unfried.info - Obst und Gem\u00fcse\",\"description\":\"Zusammenarbeit, die Fr\u00fcchte tr\u00e4gt\",\"publisher\":{\"@id\":\"https:\/\/unfried.info\/#organization\"},\"potentialAction\":[{\"@type\":\"SearchAction\",\"target\":{\"@type\":\"EntryPoint\",\"urlTemplate\":\"https:\/\/unfried.info\/?s={search_term_string}\"},\"query-input\":{\"@type\":\"PropertyValueSpecification\",\"valueRequired\":true,\"valueName\":\"search_term_string\"}}],\"inLanguage\":\"de\"},{\"@type\":\"Organization\",\"@id\":\"https:\/\/unfried.info\/#organization\",\"name\":\"Unfried.info - Obst und Gem\u00fcse\",\"url\":\"https:\/\/unfried.info\/\",\"logo\":{\"@type\":\"ImageObject\",\"inLanguage\":\"de\",\"@id\":\"https:\/\/unfried.info\/#\/schema\/logo\/image\/\",\"url\":\"https:\/\/unfried.info\/wp-content\/uploads\/2021\/09\/cropped-logoklein-1-1.png\",\"contentUrl\":\"https:\/\/unfried.info\/wp-content\/uploads\/2021\/09\/cropped-logoklein-1-1.png\",\"width\":112,\"height\":48,\"caption\":\"Unfried.info - Obst und Gem\u00fcse\"},\"image\":{\"@id\":\"https:\/\/unfried.info\/#\/schema\/logo\/image\/\"}}]}<\/script>\n<!-- \/ Yoast SEO plugin. -->","yoast_head_json":{"title":"Sozial Media - Unfried.info - Obst und Gem\u00fcse","robots":{"index":"index","follow":"follow","max-snippet":"max-snippet:-1","max-image-preview":"max-image-preview:large","max-video-preview":"max-video-preview:-1"},"canonical":"https:\/\/unfried.info\/?page_id=317","og_locale":"de_DE","og_type":"article","og_title":"Sozial Media - Unfried.info - Obst und Gem\u00fcse","og_url":"https:\/\/unfried.info\/?page_id=317","og_site_name":"Unfried.info - Obst und Gem\u00fcse","article_modified_time":"2023-05-30T19:55:06+00:00","twitter_card":"summary_large_image","schema":{"@context":"https:\/\/schema.org","@graph":[{"@type":"WebPage","@id":"https:\/\/unfried.info\/?page_id=317","url":"https:\/\/unfried.info\/?page_id=317","name":"Sozial Media - Unfried.info - Obst und Gem\u00fcse","isPartOf":{"@id":"https:\/\/unfried.info\/#website"},"datePublished":"2022-08-16T06:37:23+00:00","dateModified":"2023-05-30T19:55:06+00:00","breadcrumb":{"@id":"https:\/\/unfried.info\/?page_id=317#breadcrumb"},"inLanguage":"de","potentialAction":[{"@type":"ReadAction","target":["https:\/\/unfried.info\/?page_id=317"]}]},{"@type":"BreadcrumbList","@id":"https:\/\/unfried.info\/?page_id=317#breadcrumb","itemListElement":[{"@type":"ListItem","position":1,"name":"Startseite","item":"https:\/\/unfried.info\/"},{"@type":"ListItem","position":2,"name":"Sozial Media"}]},{"@type":"WebSite","@id":"https:\/\/unfried.info\/#website","url":"https:\/\/unfried.info\/","name":"Unfried.info - Obst und Gem\u00fcse","description":"Zusammenarbeit, die Fr\u00fcchte tr\u00e4gt","publisher":{"@id":"https:\/\/unfried.info\/#organization"},"potentialAction":[{"@type":"SearchAction","target":{"@type":"EntryPoint","urlTemplate":"https:\/\/unfried.info\/?s={search_term_string}"},"query-input":{"@type":"PropertyValueSpecification","valueRequired":true,"valueName":"search_term_string"}}],"inLanguage":"de"},{"@type":"Organization","@id":"https:\/\/unfried.info\/#organization","name":"Unfried.info - Obst und Gem\u00fcse","url":"https:\/\/unfried.info\/","logo":{"@type":"ImageObject","inLanguage":"de","@id":"https:\/\/unfried.info\/#\/schema\/logo\/image\/","url":"https:\/\/unfried.info\/wp-content\/uploads\/2021\/09\/cropped-logoklein-1-1.png","contentUrl":"https:\/\/unfried.info\/wp-content\/uploads\/2021\/09\/cropped-logoklein-1-1.png","width":112,"height":48,"caption":"Unfried.info - Obst und Gem\u00fcse"},"image":{"@id":"https:\/\/unfried.info\/#\/schema\/logo\/image\/"}}]}},"_links":{"self":[{"href":"https:\/\/unfried.info\/index.php?rest_route=\/wp\/v2\/pages\/317","targetHints":{"allow":["GET"]}}],"collection":[{"href":"https:\/\/unfried.info\/index.php?rest_route=\/wp\/v2\/pages"}],"about":[{"href":"https:\/\/unfried.info\/index.php?rest_route=\/wp\/v2\/types\/page"}],"author":[{"embeddable":true,"href":"https:\/\/unfried.info\/index.php?rest_route=\/wp\/v2\/users\/1"}],"replies":[{"embeddable":true,"href":"https:\/\/unfried.info\/index.php?rest_route=%2Fwp%2Fv2%2Fcomments&post=317"}],"version-history":[{"count":5,"href":"https:\/\/unfried.info\/index.php?rest_route=\/wp\/v2\/pages\/317\/revisions"}],"predecessor-version":[{"id":735,"href":"https:\/\/unfried.info\/index.php?rest_route=\/wp\/v2\/pages\/317\/revisions\/735"}],"wp:attachment":[{"href":"https:\/\/unfried.info\/index.php?rest_route=%2Fwp%2Fv2%2Fmedia&parent=317"}],"curies":[{"name":"wp","href":"https:\/\/api.w.org\/{rel}","templated":true}]}}