{"id":4,"date":"2021-09-23T22:16:42","date_gmt":"2021-09-23T22:16:42","guid":{"rendered":"https:\/\/unfried.info\/?page_id=4"},"modified":"2023-05-30T19:52:02","modified_gmt":"2023-05-30T19:52:02","slug":"startseite","status":"publish","type":"page","link":"https:\/\/unfried.info\/","title":{"rendered":"Startseite"},"content":{"rendered":"\n<section id=\"gmf03098e\" class=\"wp-block-gutentor-m3 alignfull section-gmf03098e gutentor-module gutentor-container-cover has-image-bg has-custom-bg\"><div class=\"grid-container\">\n<div style=\"height:48px\" aria-hidden=\"true\" class=\"wp-block-spacer\"><\/div>\n\n\n<div class=\"wp-block-image\">\n<figure class=\"aligncenter size-full is-resized\"><img decoding=\"async\" src=\"https:\/\/unfried.info\/wp-content\/uploads\/2021\/09\/unfried-logo-farbe.png\" alt=\"\" class=\"wp-image-83\" width=\"450\" srcset=\"https:\/\/unfried.info\/wp-content\/uploads\/2021\/09\/unfried-logo-farbe.png 870w, https:\/\/unfried.info\/wp-content\/uploads\/2021\/09\/unfried-logo-farbe-300x161.png 300w, https:\/\/unfried.info\/wp-content\/uploads\/2021\/09\/unfried-logo-farbe-768x411.png 768w\" sizes=\"(max-width: 870px) 100vw, 870px\" \/><\/figure><\/div><\/div><\/section>\n\n\n\n<div class=\"wp-block-cover alignfull animated fadeIn\" style=\"min-height:650px;aspect-ratio:unset;\"><span aria-hidden=\"true\" class=\"wp-block-cover__background has-background-dim-70 has-background-dim\"><\/span><img fetchpriority=\"high\" decoding=\"async\" width=\"1900\" height=\"633\" class=\"wp-block-cover__image-background wp-image-11\" alt=\"\" src=\"https:\/\/unfried.info\/wp-content\/uploads\/2021\/09\/AdobeStock_453557444.jpeg\" style=\"object-position:22% 41%\" data-object-fit=\"cover\" data-object-position=\"22% 41%\" srcset=\"https:\/\/unfried.info\/wp-content\/uploads\/2021\/09\/AdobeStock_453557444.jpeg 1900w, https:\/\/unfried.info\/wp-content\/uploads\/2021\/09\/AdobeStock_453557444-300x100.jpeg 300w, https:\/\/unfried.info\/wp-content\/uploads\/2021\/09\/AdobeStock_453557444-1024x341.jpeg 1024w, https:\/\/unfried.info\/wp-content\/uploads\/2021\/09\/AdobeStock_453557444-768x256.jpeg 768w, https:\/\/unfried.info\/wp-content\/uploads\/2021\/09\/AdobeStock_453557444-1536x512.jpeg 1536w\" sizes=\"(max-width: 1900px) 100vw, 1900px\" \/><div class=\"wp-block-cover__inner-container is-layout-flow wp-block-cover-is-layout-flow\">\n<div style=\"height:74px\" aria-hidden=\"true\" class=\"wp-block-spacer\"><\/div>\n\n\n\n<div class=\"wp-block-columns alignwide is-layout-flex wp-container-core-columns-is-layout-9d6595d7 wp-block-columns-is-layout-flex\">\n<div class=\"wp-block-column is-layout-flow wp-block-column-is-layout-flow\">\n<h1 class=\"has-text-align-left wp-block-heading\">Zusammenarbeit, <br>die Fr\u00fcchte tr\u00e4gt<\/h1>\n\n\n\n<p class=\"has-text-align-left\">Saftige Fr\u00fcchte, knackfrisches Gem\u00fcse \u2026 ein wenig macht es uns schon stolz, dass wir liefern, was die Menschen n\u00e4hrt, gesund h\u00e4lt, gl\u00fccklich macht.<\/p>\n\n\n\n<p class=\"has-text-align-left\">Als Familienbetrieb mit der Expertise aus zweieinhalb Jahrzehnten im Obst- und Gem\u00fcsesektor sind wir nie m\u00fcde geworden, unsere Arbeitsweise und alle Vorg\u00e4nge in unserem Unternehmen stetig zu verbessern. Werte wie Regionalit\u00e4t, faire Kunden- und Lieferantenbeziehungen und das bestm\u00f6gliche Preis-Leistungsverh\u00e4ltnis sind uns in Fruchtfleisch und Blut \u00fcbergegangen.<\/p>\n\n\n\n<p class=\"has-text-align-left\">Wir von Unfried m\u00f6chten, dass unsere Kunden mit unserer t\u00e4glich frischen Ware und unseren Serviceleistungen rundum zufrieden sind. Bei uns wird Qualit\u00e4t gro\u00df geschrieben. Also so: QUALIT\u00c4T \u2026 jetzt im Ernst: Wir lieben unsere Arbeit. Wir wertsch\u00e4tzen jeden unserer Kunden und erf\u00fcllen gerne wann immer m\u00f6glich individuelle W\u00fcnsche und Anforderungen.<\/p>\n\n\n\n<p class=\"has-text-align-left\">Und Sie? Sie sind bei uns richtig, wenn Sie handverlesenes und stets frisches Obst und Gem\u00fcse haben m\u00f6chten. Besonders, wenn ihr Betrieb in Wien, Nieder\u00f6sterreich oder am Neusiedlersee beheimatet ist.<\/p>\n\n\n\n<p class=\"has-text-align-left\">Wir freuen uns auf Ihre Bestellung. Wir freuen uns auf Sie!<br>Ihre Familie Unfried und Mitarbeiter<\/p>\n\n\n\n<p class=\"has-text-align-left\">Haben Sie Fragen? Mailen Sie uns gerne an obst@unfried.info<\/p>\n<\/div>\n\n\n\n<div class=\"wp-block-column is-layout-flow wp-block-column-is-layout-flow\">\n<h1 id=\"wp-block-themeisle-blocks-advanced-heading-2ec13e75\" class=\"wp-block-themeisle-blocks-advanced-heading wp-block-themeisle-blocks-advanced-heading-2ec13e75\">Obst &#8211; Ein Reigen <br>bunter Fr\u00fcchte<\/h1>\n\n\n\n<p>Die Natur steckt voller Wunder. Ein Obstgarten ist ein Paradies sinnlicher Gen\u00fcsse. Und wir? Wir von Unfried bringen das Obst zu Ihnen. Frisch, knackig und handverlesen. Vom Apfel bis zur Zitrone, von der Zwetschke bis zur Ananas \u2013 wir haben die Fr\u00fcchte. Meist in zahlreichen unterschiedlichen Sorten. Die eigenen, mit Liebe bewirtschafteten Obstg\u00e4rten von Unfried liegen s\u00fcdlich der Donau und warten mit echten Wachauer Marillen, mit s\u00fc\u00dfen Kirschen, knackigen \u00c4pfeln und saftigen, sonnengereiften Birnen auf. Durch unsere bew\u00e4hrten Lieferanten verf\u00fcgen wir ganzj\u00e4hrig \u00fcber ein Sortiment, dessen Vielfalt auch anspruchsvolle Genie\u00dfer und Haubenk\u00f6che \u00fcberzeugt. Viele Obstsorten sind auch in Bio-Qualit\u00e4t lieferbar \u2013 einfach vorbestellen!<\/p>\n<\/div>\n<\/div>\n<\/div><\/div>\n\n\n\n<section id=\"gm3081868\" class=\"wp-block-gutentor-m3 alignfull section-gm3081868 gutentor-module gutentor-container-cover has-image-bg has-custom-bg animated fadeIn\"><div class=\"grid-container\">\n<div style=\"height:48px\" aria-hidden=\"true\" class=\"wp-block-spacer\"><\/div>\n<\/div><\/section>\n\n\n\n<div id=\"wp-block-themeisle-blocks-advanced-columns-5a83b79b\" class=\"wp-block-themeisle-blocks-advanced-columns alignfull has-2-columns has-desktop-equal-layout has-tablet-equal-layout has-mobile-collapsedRows-layout has-vertical-center animated fadeIn\"><div class=\"wp-block-themeisle-blocks-advanced-columns-overlay\"><\/div><div class=\"innerblocks-wrap\">\n<div id=\"wp-block-themeisle-blocks-advanced-column-02495679\" class=\"wp-block-themeisle-blocks-advanced-column ticss-48ef8f35\">\n<h2 class=\"has-nv-text-dark-bg-color has-text-color wp-block-heading\">SOLL\u2019S ETWAS GANZ BESONDERES SEIN?<\/h2>\n\n\n\n<figure class=\"wp-block-image size-full is-resized\"><img decoding=\"async\" src=\"https:\/\/unfried.info\/wp-content\/uploads\/2021\/09\/unfried-logo-weiss.png\" alt=\"\" class=\"wp-image-84\" width=\"332\" height=\"178\" srcset=\"https:\/\/unfried.info\/wp-content\/uploads\/2021\/09\/unfried-logo-weiss.png 870w, https:\/\/unfried.info\/wp-content\/uploads\/2021\/09\/unfried-logo-weiss-300x161.png 300w, https:\/\/unfried.info\/wp-content\/uploads\/2021\/09\/unfried-logo-weiss-768x411.png 768w\" sizes=\"(max-width: 332px) 100vw, 332px\" \/><\/figure>\n\n\n\n<p><\/p>\n\n\n\n<p class=\"has-nv-text-dark-bg-color has-text-color\">Wenn Sie spezielle Anforderungen haben oder besonders exotische Obstsorten ben\u00f6tigen \u2013 bitte fragen Sie uns einfach. Wir zeigen gerne ganzen Einsatz, um die W\u00fcnsche all unserer Kunden best- und schnellstm\u00f6glich zu erf\u00fcllen. Im Obst liegt die Zufriedenheit.<\/p>\n<\/div>\n\n\n\n<div id=\"wp-block-themeisle-blocks-advanced-column-67e16009\" class=\"wp-block-themeisle-blocks-advanced-column ticss-5418d6a3\">\n<figure class=\"wp-block-image size-large is-resized\"><img decoding=\"async\" src=\"https:\/\/unfried.info\/wp-content\/uploads\/2021\/09\/unfried_apfel-939x1024.png\" alt=\"\" class=\"wp-image-89\" width=\"470\" height=\"512\" srcset=\"https:\/\/unfried.info\/wp-content\/uploads\/2021\/09\/unfried_apfel-939x1024.png 939w, https:\/\/unfried.info\/wp-content\/uploads\/2021\/09\/unfried_apfel-275x300.png 275w, https:\/\/unfried.info\/wp-content\/uploads\/2021\/09\/unfried_apfel-768x837.png 768w, https:\/\/unfried.info\/wp-content\/uploads\/2021\/09\/unfried_apfel.png 1000w\" sizes=\"(max-width: 470px) 100vw, 470px\" \/><\/figure>\n<\/div>\n<\/div><\/div>\n\n\n\n<div id=\"wp-block-themeisle-blocks-advanced-columns-6a564611\" class=\"wp-block-themeisle-blocks-advanced-columns alignfull has-4-columns has-desktop-equal-layout has-tablet-equal-layout has-mobile-collapsedRows-layout has-vertical-unset animated fadeIn\"><div class=\"wp-block-themeisle-blocks-advanced-columns-overlay\"><\/div><div class=\"innerblocks-wrap\">\n<div id=\"wp-block-themeisle-blocks-advanced-column-374d5d80\" class=\"wp-block-themeisle-blocks-advanced-column ticss-0e1467b8\">\n<div class=\"wp-block-cover aligncenter is-light\" style=\"min-height:600px;aspect-ratio:unset;\"><span aria-hidden=\"true\" class=\"wp-block-cover__background has-background-dim-0 has-background-dim\"><\/span><img loading=\"lazy\" decoding=\"async\" width=\"1900\" height=\"1264\" class=\"wp-block-cover__image-background wp-image-12\" alt=\"\" src=\"https:\/\/unfried.info\/wp-content\/uploads\/2021\/09\/AdobeStock_41860255.jpeg\" style=\"object-position:58% 56%\" data-object-fit=\"cover\" data-object-position=\"58% 56%\" srcset=\"https:\/\/unfried.info\/wp-content\/uploads\/2021\/09\/AdobeStock_41860255.jpeg 1900w, https:\/\/unfried.info\/wp-content\/uploads\/2021\/09\/AdobeStock_41860255-300x200.jpeg 300w, https:\/\/unfried.info\/wp-content\/uploads\/2021\/09\/AdobeStock_41860255-1024x681.jpeg 1024w, https:\/\/unfried.info\/wp-content\/uploads\/2021\/09\/AdobeStock_41860255-768x511.jpeg 768w, https:\/\/unfried.info\/wp-content\/uploads\/2021\/09\/AdobeStock_41860255-1536x1022.jpeg 1536w, https:\/\/unfried.info\/wp-content\/uploads\/2021\/09\/AdobeStock_41860255-930x620.jpeg 930w\" sizes=\"(max-width: 1900px) 100vw, 1900px\" \/><div class=\"wp-block-cover__inner-container is-layout-flow wp-block-cover-is-layout-flow\">\n<p class=\"has-text-align-center has-large-font-size\"><\/p>\n<\/div><\/div>\n<\/div>\n\n\n\n<div id=\"wp-block-themeisle-blocks-advanced-column-329f066d\" class=\"wp-block-themeisle-blocks-advanced-column\">\n<div class=\"wp-block-cover aligncenter is-light ticss-adf356bf\" style=\"min-height:600px;aspect-ratio:unset;\"><span aria-hidden=\"true\" class=\"wp-block-cover__background has-background-dim-0 has-background-dim\"><\/span><img loading=\"lazy\" decoding=\"async\" width=\"1900\" height=\"1268\" class=\"wp-block-cover__image-background wp-image-10\" alt=\"\" src=\"https:\/\/unfried.info\/wp-content\/uploads\/2021\/09\/AdobeStock_452522675.jpeg\" style=\"object-position:64% 50%\" data-object-fit=\"cover\" data-object-position=\"64% 50%\" srcset=\"https:\/\/unfried.info\/wp-content\/uploads\/2021\/09\/AdobeStock_452522675.jpeg 1900w, https:\/\/unfried.info\/wp-content\/uploads\/2021\/09\/AdobeStock_452522675-300x200.jpeg 300w, https:\/\/unfried.info\/wp-content\/uploads\/2021\/09\/AdobeStock_452522675-1024x683.jpeg 1024w, https:\/\/unfried.info\/wp-content\/uploads\/2021\/09\/AdobeStock_452522675-768x513.jpeg 768w, https:\/\/unfried.info\/wp-content\/uploads\/2021\/09\/AdobeStock_452522675-1536x1025.jpeg 1536w, https:\/\/unfried.info\/wp-content\/uploads\/2021\/09\/AdobeStock_452522675-930x620.jpeg 930w\" sizes=\"(max-width: 1900px) 100vw, 1900px\" \/><div class=\"wp-block-cover__inner-container is-layout-flow wp-block-cover-is-layout-flow\">\n<p class=\"has-text-align-center has-large-font-size\"><\/p>\n<\/div><\/div>\n<\/div>\n\n\n\n<div id=\"wp-block-themeisle-blocks-advanced-column-a131c8d8\" class=\"wp-block-themeisle-blocks-advanced-column\">\n<div class=\"wp-block-cover aligncenter is-light ticss-adf356bf\" style=\"min-height:600px;aspect-ratio:unset;\"><span aria-hidden=\"true\" class=\"wp-block-cover__background has-background-dim-0 has-background-dim\"><\/span><img loading=\"lazy\" decoding=\"async\" width=\"1900\" height=\"1267\" class=\"wp-block-cover__image-background wp-image-13\" alt=\"\" src=\"https:\/\/unfried.info\/wp-content\/uploads\/2021\/09\/AdobeStock_330600303.jpeg\" style=\"object-position:66% 33%\" data-object-fit=\"cover\" data-object-position=\"66% 33%\" srcset=\"https:\/\/unfried.info\/wp-content\/uploads\/2021\/09\/AdobeStock_330600303.jpeg 1900w, https:\/\/unfried.info\/wp-content\/uploads\/2021\/09\/AdobeStock_330600303-300x200.jpeg 300w, https:\/\/unfried.info\/wp-content\/uploads\/2021\/09\/AdobeStock_330600303-1024x683.jpeg 1024w, https:\/\/unfried.info\/wp-content\/uploads\/2021\/09\/AdobeStock_330600303-768x512.jpeg 768w, https:\/\/unfried.info\/wp-content\/uploads\/2021\/09\/AdobeStock_330600303-1536x1024.jpeg 1536w, https:\/\/unfried.info\/wp-content\/uploads\/2021\/09\/AdobeStock_330600303-930x620.jpeg 930w\" sizes=\"(max-width: 1900px) 100vw, 1900px\" \/><div class=\"wp-block-cover__inner-container is-layout-flow wp-block-cover-is-layout-flow\">\n<p class=\"has-text-align-center has-large-font-size\"><\/p>\n<\/div><\/div>\n<\/div>\n\n\n\n<div id=\"wp-block-themeisle-blocks-advanced-column-b20eafeb\" class=\"wp-block-themeisle-blocks-advanced-column\">\n<div class=\"wp-block-cover aligncenter ticss-adf356bf\" style=\"min-height:600px;aspect-ratio:unset;\"><span aria-hidden=\"true\" class=\"wp-block-cover__background has-background-dim-0 has-background-dim\"><\/span><img loading=\"lazy\" decoding=\"async\" width=\"1900\" height=\"633\" class=\"wp-block-cover__image-background wp-image-11\" alt=\"\" src=\"https:\/\/unfried.info\/wp-content\/uploads\/2021\/09\/AdobeStock_453557444.jpeg\" style=\"object-position:26% 34%\" data-object-fit=\"cover\" data-object-position=\"26% 34%\" srcset=\"https:\/\/unfried.info\/wp-content\/uploads\/2021\/09\/AdobeStock_453557444.jpeg 1900w, https:\/\/unfried.info\/wp-content\/uploads\/2021\/09\/AdobeStock_453557444-300x100.jpeg 300w, https:\/\/unfried.info\/wp-content\/uploads\/2021\/09\/AdobeStock_453557444-1024x341.jpeg 1024w, https:\/\/unfried.info\/wp-content\/uploads\/2021\/09\/AdobeStock_453557444-768x256.jpeg 768w, https:\/\/unfried.info\/wp-content\/uploads\/2021\/09\/AdobeStock_453557444-1536x512.jpeg 1536w\" sizes=\"(max-width: 1900px) 100vw, 1900px\" \/><div class=\"wp-block-cover__inner-container is-layout-flow wp-block-cover-is-layout-flow\">\n<p class=\"has-text-align-center has-large-font-size\"><\/p>\n<\/div><\/div>\n<\/div>\n<\/div><\/div>\n","protected":false},"excerpt":{"rendered":"","protected":false},"author":1,"featured_media":0,"parent":0,"menu_order":0,"comment_status":"closed","ping_status":"closed","template":"","meta":{"neve_meta_sidebar":"","neve_meta_container":"default","neve_meta_enable_content_width":"","neve_meta_content_width":0,"neve_meta_title_alignment":"","neve_meta_author_avatar":"","neve_post_elements_order":"","neve_meta_disable_header":"","neve_meta_disable_footer":"","neve_meta_disable_title":"on","_themeisle_gutenberg_block_has_review":false,"footnotes":""},"class_list":["post-4","page","type-page","status-publish","hentry"],"yoast_head":"<!-- This site is optimized with the Yoast SEO plugin v24.9 - https:\/\/yoast.com\/wordpress\/plugins\/seo\/ -->\n<title>Startseite - Unfried.info - Obst und Gem\u00fcse<\/title>\n<meta name=\"description\" content=\"Wir sind ein Obst- und Gem\u00fcsehandelspartner f\u00fcr Nieder\u00f6sterreich, Burgenland und Wien f\u00fcr Gastronomie und Hotellerie.\" \/>\n<meta name=\"robots\" content=\"index, follow, max-snippet:-1, max-image-preview:large, max-video-preview:-1\" \/>\n<link rel=\"canonical\" href=\"https:\/\/unfried.info\/\" \/>\n<meta property=\"og:locale\" content=\"de_DE\" \/>\n<meta property=\"og:type\" content=\"article\" \/>\n<meta property=\"og:title\" content=\"Startseite - Unfried.info - Obst und Gem\u00fcse\" \/>\n<meta property=\"og:description\" content=\"Wir sind ein Obst- und Gem\u00fcsehandelspartner f\u00fcr Nieder\u00f6sterreich, Burgenland und Wien f\u00fcr Gastronomie und Hotellerie.\" \/>\n<meta property=\"og:url\" content=\"https:\/\/unfried.info\/\" \/>\n<meta property=\"og:site_name\" content=\"Unfried.info - Obst und Gem\u00fcse\" \/>\n<meta property=\"article:modified_time\" content=\"2023-05-30T19:52:02+00:00\" \/>\n<meta property=\"og:image\" content=\"https:\/\/unfried.info\/wp-content\/uploads\/2021\/09\/unfried-logo-farbe.png\" \/>\n<meta name=\"twitter:card\" content=\"summary_large_image\" \/>\n<meta name=\"twitter:label1\" content=\"Gesch\u00e4tzte Lesezeit\" \/>\n\t<meta name=\"twitter:data1\" content=\"4\u00a0Minuten\" \/>\n<script type=\"application\/ld+json\" class=\"yoast-schema-graph\">{\"@context\":\"https:\/\/schema.org\",\"@graph\":[{\"@type\":\"WebPage\",\"@id\":\"https:\/\/unfried.info\/\",\"url\":\"https:\/\/unfried.info\/\",\"name\":\"Startseite - Unfried.info - Obst und Gem\u00fcse\",\"isPartOf\":{\"@id\":\"https:\/\/unfried.info\/#website\"},\"primaryImageOfPage\":{\"@id\":\"https:\/\/unfried.info\/#primaryimage\"},\"image\":{\"@id\":\"https:\/\/unfried.info\/#primaryimage\"},\"thumbnailUrl\":\"https:\/\/unfried.info\/wp-content\/uploads\/2021\/09\/unfried-logo-farbe.png\",\"datePublished\":\"2021-09-23T22:16:42+00:00\",\"dateModified\":\"2023-05-30T19:52:02+00:00\",\"description\":\"Wir sind ein Obst- und Gem\u00fcsehandelspartner f\u00fcr Nieder\u00f6sterreich, Burgenland und Wien f\u00fcr Gastronomie und Hotellerie.\",\"breadcrumb\":{\"@id\":\"https:\/\/unfried.info\/#breadcrumb\"},\"inLanguage\":\"de\",\"potentialAction\":[{\"@type\":\"ReadAction\",\"target\":[\"https:\/\/unfried.info\/\"]}]},{\"@type\":\"ImageObject\",\"inLanguage\":\"de\",\"@id\":\"https:\/\/unfried.info\/#primaryimage\",\"url\":\"https:\/\/unfried.info\/wp-content\/uploads\/2021\/09\/unfried-logo-farbe.png\",\"contentUrl\":\"https:\/\/unfried.info\/wp-content\/uploads\/2021\/09\/unfried-logo-farbe.png\",\"width\":870,\"height\":466},{\"@type\":\"BreadcrumbList\",\"@id\":\"https:\/\/unfried.info\/#breadcrumb\",\"itemListElement\":[{\"@type\":\"ListItem\",\"position\":1,\"name\":\"Startseite\",\"item\":\"https:\/\/unfried.info\/\"},{\"@type\":\"ListItem\",\"position\":2,\"name\":\"Startseite\"}]},{\"@type\":\"WebSite\",\"@id\":\"https:\/\/unfried.info\/#website\",\"url\":\"https:\/\/unfried.info\/\",\"name\":\"Unfried.info - Obst und Gem\u00fcse\",\"description\":\"Zusammenarbeit, die Fr\u00fcchte tr\u00e4gt\",\"publisher\":{\"@id\":\"https:\/\/unfried.info\/#organization\"},\"potentialAction\":[{\"@type\":\"SearchAction\",\"target\":{\"@type\":\"EntryPoint\",\"urlTemplate\":\"https:\/\/unfried.info\/?s={search_term_string}\"},\"query-input\":{\"@type\":\"PropertyValueSpecification\",\"valueRequired\":true,\"valueName\":\"search_term_string\"}}],\"inLanguage\":\"de\"},{\"@type\":\"Organization\",\"@id\":\"https:\/\/unfried.info\/#organization\",\"name\":\"Unfried.info - Obst und Gem\u00fcse\",\"url\":\"https:\/\/unfried.info\/\",\"logo\":{\"@type\":\"ImageObject\",\"inLanguage\":\"de\",\"@id\":\"https:\/\/unfried.info\/#\/schema\/logo\/image\/\",\"url\":\"https:\/\/unfried.info\/wp-content\/uploads\/2021\/09\/cropped-logoklein-1-1.png\",\"contentUrl\":\"https:\/\/unfried.info\/wp-content\/uploads\/2021\/09\/cropped-logoklein-1-1.png\",\"width\":112,\"height\":48,\"caption\":\"Unfried.info - Obst und Gem\u00fcse\"},\"image\":{\"@id\":\"https:\/\/unfried.info\/#\/schema\/logo\/image\/\"}}]}<\/script>\n<!-- \/ Yoast SEO plugin. -->","yoast_head_json":{"title":"Startseite - Unfried.info - Obst und Gem\u00fcse","description":"Wir sind ein Obst- und Gem\u00fcsehandelspartner f\u00fcr Nieder\u00f6sterreich, Burgenland und Wien f\u00fcr Gastronomie und Hotellerie.","robots":{"index":"index","follow":"follow","max-snippet":"max-snippet:-1","max-image-preview":"max-image-preview:large","max-video-preview":"max-video-preview:-1"},"canonical":"https:\/\/unfried.info\/","og_locale":"de_DE","og_type":"article","og_title":"Startseite - Unfried.info - Obst und Gem\u00fcse","og_description":"Wir sind ein Obst- und Gem\u00fcsehandelspartner f\u00fcr Nieder\u00f6sterreich, Burgenland und Wien f\u00fcr Gastronomie und Hotellerie.","og_url":"https:\/\/unfried.info\/","og_site_name":"Unfried.info - Obst und Gem\u00fcse","article_modified_time":"2023-05-30T19:52:02+00:00","og_image":[{"url":"https:\/\/unfried.info\/wp-content\/uploads\/2021\/09\/unfried-logo-farbe.png","type":"","width":"","height":""}],"twitter_card":"summary_large_image","twitter_misc":{"Gesch\u00e4tzte Lesezeit":"4\u00a0Minuten"},"schema":{"@context":"https:\/\/schema.org","@graph":[{"@type":"WebPage","@id":"https:\/\/unfried.info\/","url":"https:\/\/unfried.info\/","name":"Startseite - Unfried.info - Obst und Gem\u00fcse","isPartOf":{"@id":"https:\/\/unfried.info\/#website"},"primaryImageOfPage":{"@id":"https:\/\/unfried.info\/#primaryimage"},"image":{"@id":"https:\/\/unfried.info\/#primaryimage"},"thumbnailUrl":"https:\/\/unfried.info\/wp-content\/uploads\/2021\/09\/unfried-logo-farbe.png","datePublished":"2021-09-23T22:16:42+00:00","dateModified":"2023-05-30T19:52:02+00:00","description":"Wir sind ein Obst- und Gem\u00fcsehandelspartner f\u00fcr Nieder\u00f6sterreich, Burgenland und Wien f\u00fcr Gastronomie und Hotellerie.","breadcrumb":{"@id":"https:\/\/unfried.info\/#breadcrumb"},"inLanguage":"de","potentialAction":[{"@type":"ReadAction","target":["https:\/\/unfried.info\/"]}]},{"@type":"ImageObject","inLanguage":"de","@id":"https:\/\/unfried.info\/#primaryimage","url":"https:\/\/unfried.info\/wp-content\/uploads\/2021\/09\/unfried-logo-farbe.png","contentUrl":"https:\/\/unfried.info\/wp-content\/uploads\/2021\/09\/unfried-logo-farbe.png","width":870,"height":466},{"@type":"BreadcrumbList","@id":"https:\/\/unfried.info\/#breadcrumb","itemListElement":[{"@type":"ListItem","position":1,"name":"Startseite","item":"https:\/\/unfried.info\/"},{"@type":"ListItem","position":2,"name":"Startseite"}]},{"@type":"WebSite","@id":"https:\/\/unfried.info\/#website","url":"https:\/\/unfried.info\/","name":"Unfried.info - Obst und Gem\u00fcse","description":"Zusammenarbeit, die Fr\u00fcchte tr\u00e4gt","publisher":{"@id":"https:\/\/unfried.info\/#organization"},"potentialAction":[{"@type":"SearchAction","target":{"@type":"EntryPoint","urlTemplate":"https:\/\/unfried.info\/?s={search_term_string}"},"query-input":{"@type":"PropertyValueSpecification","valueRequired":true,"valueName":"search_term_string"}}],"inLanguage":"de"},{"@type":"Organization","@id":"https:\/\/unfried.info\/#organization","name":"Unfried.info - Obst und Gem\u00fcse","url":"https:\/\/unfried.info\/","logo":{"@type":"ImageObject","inLanguage":"de","@id":"https:\/\/unfried.info\/#\/schema\/logo\/image\/","url":"https:\/\/unfried.info\/wp-content\/uploads\/2021\/09\/cropped-logoklein-1-1.png","contentUrl":"https:\/\/unfried.info\/wp-content\/uploads\/2021\/09\/cropped-logoklein-1-1.png","width":112,"height":48,"caption":"Unfried.info - Obst und Gem\u00fcse"},"image":{"@id":"https:\/\/unfried.info\/#\/schema\/logo\/image\/"}}]}},"_links":{"self":[{"href":"https:\/\/unfried.info\/index.php?rest_route=\/wp\/v2\/pages\/4","targetHints":{"allow":["GET"]}}],"collection":[{"href":"https:\/\/unfried.info\/index.php?rest_route=\/wp\/v2\/pages"}],"about":[{"href":"https:\/\/unfried.info\/index.php?rest_route=\/wp\/v2\/types\/page"}],"author":[{"embeddable":true,"href":"https:\/\/unfried.info\/index.php?rest_route=\/wp\/v2\/users\/1"}],"replies":[{"embeddable":true,"href":"https:\/\/unfried.info\/index.php?rest_route=%2Fwp%2Fv2%2Fcomments&post=4"}],"version-history":[{"count":89,"href":"https:\/\/unfried.info\/index.php?rest_route=\/wp\/v2\/pages\/4\/revisions"}],"predecessor-version":[{"id":1063,"href":"https:\/\/unfried.info\/index.php?rest_route=\/wp\/v2\/pages\/4\/revisions\/1063"}],"wp:attachment":[{"href":"https:\/\/unfried.info\/index.php?rest_route=%2Fwp%2Fv2%2Fmedia&parent=4"}],"curies":[{"name":"wp","href":"https:\/\/api.w.org\/{rel}","templated":true}]}}