{"id":53,"date":"2021-09-24T11:24:06","date_gmt":"2021-09-24T11:24:06","guid":{"rendered":"https:\/\/unfried.info\/?page_id=53"},"modified":"2023-07-03T13:43:30","modified_gmt":"2023-07-03T13:43:30","slug":"kontakt","status":"publish","type":"page","link":"https:\/\/unfried.info\/?page_id=53","title":{"rendered":"Kontakt"},"content":{"rendered":"\n<section id=\"gmaa983c9\" class=\"wp-block-gutentor-m3 alignfull section-gmaa983c9 gutentor-module gutentor-container-cover has-image-bg has-custom-bg animated fadeIn\"><div class=\"grid-container\">\n<div style=\"height:48px\" aria-hidden=\"true\" class=\"wp-block-spacer\"><\/div>\n<\/div><\/section>\n\n\n\n<section id=\"gm3073313\" class=\"wp-block-gutentor-m3 alignfull section-gm3073313 gutentor-module gutentor-container-cover has-image-bg has-custom-bg animated fadeIn\"><div class=\"grid-container\">\n<section id=\"gm7f2fcaa\" class=\"wp-block-gutentor-m3 alignwide section-gm7f2fcaa gutentor-module gutentor-container-cover animated fadeIn\"><div class=\"grid-container\">\n<div style=\"height:60px\" aria-hidden=\"true\" class=\"wp-block-spacer\"><\/div>\n\n\n\n<h1 class=\"wp-block-heading\"><strong>Nehmen Sie Kontakt mit uns auf<\/strong><\/h1>\n\n\n\n<p><strong>Unfried Obst und Gem\u00fcse Handelsges.m.b.H.<\/strong><br>Hafenstra\u00dfe 59<br>A-3500 Krems\/Donau<\/p>\n\n\n\n<p>Tel. 02732\/ 831 74<br>Fax 02732\/ 721 38<br><a href=\"mailto:obst@unfried.info\" target=\"_blank\" rel=\"noreferrer noopener\">obst@unfried.info<\/a><\/p>\n\n\n\n<p>\u00d6ffnungszeiten Lager und B\u00fcro<br>(telefonische Bestellannahme)<br>Montag bis Freitag: 6:00 \u2013 16:00 Uhr<br>Samstag: 6:00 \u2013 8:00 Uhr<br>Sonntag geschlossen<\/p>\n\n\n\n<p>Bestellannahmezeiten f\u00fcr den<br>folgenden Werktag. 7:00 \u2013 23:00 Uhr<br><br>Bestellannahme Convenience-Ware f\u00fcr den folgenden Werktag. Bis 11:00 Uhr<br><br>Bestellungen ausschlie\u00dflich an <a href=\"mailto:bestellung@unfried.info\" target=\"_blank\" rel=\"noreferrer noopener\">bestellung@unfried.info<\/a> | via Orderlion | Telefon<\/p>\n\n\n\n<div style=\"height:64px\" aria-hidden=\"true\" class=\"wp-block-spacer\"><\/div>\n<\/div><\/section>\n<\/div><\/section>\n\n\n<div style=\"height:700pxpx;\" class=\"alignfull alignfull wp-block-themeisle-blocks-leaflet-map\" id=\"wp-block-themeisle-blocks-leaflet-map-1f7a539b\"><\/div>\n<script type=\"text\/javascript\">\n\t\/* <![CDATA[ *\/\n\t\tif ( ! window.themeisleLeafletMaps ) window.themeisleLeafletMaps =[];\n\t\twindow.themeisleLeafletMaps.push( { container: \"wp-block-themeisle-blocks-leaflet-map-1f7a539b\", attributes: {\"id\":\"wp-block-themeisle-blocks-leaflet-map-1f7a539b\",\"location\":\"Hafenstra\\u00dfe 59 A-3500 Krems\\\/Donau\",\"latitude\":\"48.41333680185132\",\"longitude\":\"15.6231164932251\",\"bbox\":\"15.579299926757814,48.40336602151604,15.666933059692385,48.42330562731304\",\"zoom\":15,\"height\":\"700px\",\"markers\":[{\"id\":\"463e5586-8099-4a4d-aa4d-ae79afa25ef1\",\"latitude\":48.41221265,\"longitude\":15.628276852597619,\"title\":\"Unfried Obst und Gem\\u00fcse Handelsges.m.b.H.\",\"description\":\"<p>Tel. 02732\\\/ 831 74<br \\\/>Fax 02732\\\/ 721 38<br \\\/>obst@unfried.info<\\\/p>\"}],\"align\":\"full\",\"zoomControl\":true,\"draggable\":true,\"hasCustomCSS\":false,\"customCSS\":\"\",\"otterConditions\":[]} } );\n\t\/* ]]> *\/\n<\/script>\n","protected":false},"excerpt":{"rendered":"","protected":false},"author":1,"featured_media":0,"parent":0,"menu_order":0,"comment_status":"closed","ping_status":"closed","template":"","meta":{"neve_meta_sidebar":"","neve_meta_container":"","neve_meta_enable_content_width":"","neve_meta_content_width":0,"neve_meta_title_alignment":"","neve_meta_author_avatar":"","neve_post_elements_order":"","neve_meta_disable_header":"","neve_meta_disable_footer":"","neve_meta_disable_title":"on","_themeisle_gutenberg_block_has_review":false,"footnotes":""},"class_list":["post-53","page","type-page","status-publish","hentry"],"yoast_head":"<!-- This site is optimized with the Yoast SEO plugin v24.9 - https:\/\/yoast.com\/wordpress\/plugins\/seo\/ -->\n<title>Kontakt - Unfried.info - Obst und Gem\u00fcse<\/title>\n<meta name=\"description\" content=\"Kontaktieren Sie Unfried Obst und Gem\u00fcse f\u00fcr nachhaltige regionale Frischeprodukte mit kurzen Transportwegen.\" \/>\n<meta name=\"robots\" content=\"index, follow, max-snippet:-1, max-image-preview:large, max-video-preview:-1\" \/>\n<link rel=\"canonical\" href=\"https:\/\/unfried.info\/?page_id=53\" \/>\n<meta property=\"og:locale\" content=\"de_DE\" \/>\n<meta property=\"og:type\" content=\"article\" \/>\n<meta property=\"og:title\" content=\"Kontakt - Unfried.info - Obst und Gem\u00fcse\" \/>\n<meta property=\"og:description\" content=\"Kontaktieren Sie Unfried Obst und Gem\u00fcse f\u00fcr nachhaltige regionale Frischeprodukte mit kurzen Transportwegen.\" \/>\n<meta property=\"og:url\" content=\"https:\/\/unfried.info\/?page_id=53\" \/>\n<meta property=\"og:site_name\" content=\"Unfried.info - Obst und Gem\u00fcse\" \/>\n<meta property=\"article:modified_time\" content=\"2023-07-03T13:43:30+00:00\" \/>\n<meta name=\"twitter:card\" content=\"summary_large_image\" \/>\n<meta name=\"twitter:label1\" content=\"Gesch\u00e4tzte Lesezeit\" \/>\n\t<meta name=\"twitter:data1\" content=\"1\u00a0Minute\" \/>\n<script type=\"application\/ld+json\" class=\"yoast-schema-graph\">{\"@context\":\"https:\/\/schema.org\",\"@graph\":[{\"@type\":\"WebPage\",\"@id\":\"https:\/\/unfried.info\/?page_id=53\",\"url\":\"https:\/\/unfried.info\/?page_id=53\",\"name\":\"Kontakt - Unfried.info - Obst und Gem\u00fcse\",\"isPartOf\":{\"@id\":\"https:\/\/unfried.info\/#website\"},\"datePublished\":\"2021-09-24T11:24:06+00:00\",\"dateModified\":\"2023-07-03T13:43:30+00:00\",\"description\":\"Kontaktieren Sie Unfried Obst und Gem\u00fcse f\u00fcr nachhaltige regionale Frischeprodukte mit kurzen Transportwegen.\",\"breadcrumb\":{\"@id\":\"https:\/\/unfried.info\/?page_id=53#breadcrumb\"},\"inLanguage\":\"de\",\"potentialAction\":[{\"@type\":\"ReadAction\",\"target\":[\"https:\/\/unfried.info\/?page_id=53\"]}]},{\"@type\":\"BreadcrumbList\",\"@id\":\"https:\/\/unfried.info\/?page_id=53#breadcrumb\",\"itemListElement\":[{\"@type\":\"ListItem\",\"position\":1,\"name\":\"Startseite\",\"item\":\"https:\/\/unfried.info\/\"},{\"@type\":\"ListItem\",\"position\":2,\"name\":\"Kontakt\"}]},{\"@type\":\"WebSite\",\"@id\":\"https:\/\/unfried.info\/#website\",\"url\":\"https:\/\/unfried.info\/\",\"name\":\"Unfried.info - Obst und Gem\u00fcse\",\"description\":\"Zusammenarbeit, die Fr\u00fcchte tr\u00e4gt\",\"publisher\":{\"@id\":\"https:\/\/unfried.info\/#organization\"},\"potentialAction\":[{\"@type\":\"SearchAction\",\"target\":{\"@type\":\"EntryPoint\",\"urlTemplate\":\"https:\/\/unfried.info\/?s={search_term_string}\"},\"query-input\":{\"@type\":\"PropertyValueSpecification\",\"valueRequired\":true,\"valueName\":\"search_term_string\"}}],\"inLanguage\":\"de\"},{\"@type\":\"Organization\",\"@id\":\"https:\/\/unfried.info\/#organization\",\"name\":\"Unfried.info - Obst und Gem\u00fcse\",\"url\":\"https:\/\/unfried.info\/\",\"logo\":{\"@type\":\"ImageObject\",\"inLanguage\":\"de\",\"@id\":\"https:\/\/unfried.info\/#\/schema\/logo\/image\/\",\"url\":\"https:\/\/unfried.info\/wp-content\/uploads\/2021\/09\/cropped-logoklein-1-1.png\",\"contentUrl\":\"https:\/\/unfried.info\/wp-content\/uploads\/2021\/09\/cropped-logoklein-1-1.png\",\"width\":112,\"height\":48,\"caption\":\"Unfried.info - Obst und Gem\u00fcse\"},\"image\":{\"@id\":\"https:\/\/unfried.info\/#\/schema\/logo\/image\/\"}}]}<\/script>\n<!-- \/ Yoast SEO plugin. -->","yoast_head_json":{"title":"Kontakt - Unfried.info - Obst und Gem\u00fcse","description":"Kontaktieren Sie Unfried Obst und Gem\u00fcse f\u00fcr nachhaltige regionale Frischeprodukte mit kurzen Transportwegen.","robots":{"index":"index","follow":"follow","max-snippet":"max-snippet:-1","max-image-preview":"max-image-preview:large","max-video-preview":"max-video-preview:-1"},"canonical":"https:\/\/unfried.info\/?page_id=53","og_locale":"de_DE","og_type":"article","og_title":"Kontakt - Unfried.info - Obst und Gem\u00fcse","og_description":"Kontaktieren Sie Unfried Obst und Gem\u00fcse f\u00fcr nachhaltige regionale Frischeprodukte mit kurzen Transportwegen.","og_url":"https:\/\/unfried.info\/?page_id=53","og_site_name":"Unfried.info - Obst und Gem\u00fcse","article_modified_time":"2023-07-03T13:43:30+00:00","twitter_card":"summary_large_image","twitter_misc":{"Gesch\u00e4tzte Lesezeit":"1\u00a0Minute"},"schema":{"@context":"https:\/\/schema.org","@graph":[{"@type":"WebPage","@id":"https:\/\/unfried.info\/?page_id=53","url":"https:\/\/unfried.info\/?page_id=53","name":"Kontakt - Unfried.info - Obst und Gem\u00fcse","isPartOf":{"@id":"https:\/\/unfried.info\/#website"},"datePublished":"2021-09-24T11:24:06+00:00","dateModified":"2023-07-03T13:43:30+00:00","description":"Kontaktieren Sie Unfried Obst und Gem\u00fcse f\u00fcr nachhaltige regionale Frischeprodukte mit kurzen Transportwegen.","breadcrumb":{"@id":"https:\/\/unfried.info\/?page_id=53#breadcrumb"},"inLanguage":"de","potentialAction":[{"@type":"ReadAction","target":["https:\/\/unfried.info\/?page_id=53"]}]},{"@type":"BreadcrumbList","@id":"https:\/\/unfried.info\/?page_id=53#breadcrumb","itemListElement":[{"@type":"ListItem","position":1,"name":"Startseite","item":"https:\/\/unfried.info\/"},{"@type":"ListItem","position":2,"name":"Kontakt"}]},{"@type":"WebSite","@id":"https:\/\/unfried.info\/#website","url":"https:\/\/unfried.info\/","name":"Unfried.info - Obst und Gem\u00fcse","description":"Zusammenarbeit, die Fr\u00fcchte tr\u00e4gt","publisher":{"@id":"https:\/\/unfried.info\/#organization"},"potentialAction":[{"@type":"SearchAction","target":{"@type":"EntryPoint","urlTemplate":"https:\/\/unfried.info\/?s={search_term_string}"},"query-input":{"@type":"PropertyValueSpecification","valueRequired":true,"valueName":"search_term_string"}}],"inLanguage":"de"},{"@type":"Organization","@id":"https:\/\/unfried.info\/#organization","name":"Unfried.info - Obst und Gem\u00fcse","url":"https:\/\/unfried.info\/","logo":{"@type":"ImageObject","inLanguage":"de","@id":"https:\/\/unfried.info\/#\/schema\/logo\/image\/","url":"https:\/\/unfried.info\/wp-content\/uploads\/2021\/09\/cropped-logoklein-1-1.png","contentUrl":"https:\/\/unfried.info\/wp-content\/uploads\/2021\/09\/cropped-logoklein-1-1.png","width":112,"height":48,"caption":"Unfried.info - Obst und Gem\u00fcse"},"image":{"@id":"https:\/\/unfried.info\/#\/schema\/logo\/image\/"}}]}},"_links":{"self":[{"href":"https:\/\/unfried.info\/index.php?rest_route=\/wp\/v2\/pages\/53","targetHints":{"allow":["GET"]}}],"collection":[{"href":"https:\/\/unfried.info\/index.php?rest_route=\/wp\/v2\/pages"}],"about":[{"href":"https:\/\/unfried.info\/index.php?rest_route=\/wp\/v2\/types\/page"}],"author":[{"embeddable":true,"href":"https:\/\/unfried.info\/index.php?rest_route=\/wp\/v2\/users\/1"}],"replies":[{"embeddable":true,"href":"https:\/\/unfried.info\/index.php?rest_route=%2Fwp%2Fv2%2Fcomments&post=53"}],"version-history":[{"count":10,"href":"https:\/\/unfried.info\/index.php?rest_route=\/wp\/v2\/pages\/53\/revisions"}],"predecessor-version":[{"id":772,"href":"https:\/\/unfried.info\/index.php?rest_route=\/wp\/v2\/pages\/53\/revisions\/772"}],"wp:attachment":[{"href":"https:\/\/unfried.info\/index.php?rest_route=%2Fwp%2Fv2%2Fmedia&parent=53"}],"curies":[{"name":"wp","href":"https:\/\/api.w.org\/{rel}","templated":true}]}}