{"id":63,"date":"2021-09-24T11:26:28","date_gmt":"2021-09-24T11:26:28","guid":{"rendered":"https:\/\/unfried.info\/?page_id=63"},"modified":"2023-05-30T19:56:33","modified_gmt":"2023-05-30T19:56:33","slug":"impressum","status":"publish","type":"page","link":"https:\/\/unfried.info\/?page_id=63","title":{"rendered":"Impressum"},"content":{"rendered":"\n<section id=\"gmdbcf498\" class=\"wp-block-gutentor-m3 alignfull section-gmdbcf498 gutentor-module gutentor-container-cover has-image-bg has-custom-bg\"><div class=\"grid-container\">\n<section id=\"gm756e4b4\" class=\"wp-block-gutentor-m3 section-gm756e4b4 gutentor-module gutentor-container-cover\"><div class=\"grid-container\">\n<div style=\"height:100px\" aria-hidden=\"true\" class=\"wp-block-spacer\"><\/div>\n\n\n\n<h4 class=\"wp-block-heading\">Impressum<\/h4>\n\n\n\n<p><strong>F\u00fcr den Inhalt verantwortlich<\/strong><br><strong>UNFRIED Obst und Gem\u00fcse Handelsgesellschaft m.b.H.<\/strong><br>Gro\u00dfhandel mit Lebensmitteln<br>Hafenstra\u00dfe 59<br>3500 Krems an der Donau<br>TEL: 02732 83174<br>FAX: 02732 72138<\/p>\n\n\n\n<p><strong>Firmenname<\/strong><br>UNFRIED Obst und Gem\u00fcse Handelsgesellschaft m.b.H.<br>Firmenbuchnummer<br>39441b<\/p>\n\n\n\n<p><strong>Firmengericht<\/strong><br>Landesgericht Krems an der Donau<br>GLN (der \u00f6ffentlichen Verwaltung)<br>9110015257373<\/p>\n\n\n\n<p><strong>UID-Nummer:<\/strong><br>ATU18537607<\/p>\n\n\n\n<p><strong>Gesch\u00e4ftsf\u00fchrer<\/strong><br>Herrn Julian Unfried<br>Einzelperson<br>alleinvertretungsberechtigt<\/p>\n\n\n\n<p>A<strong>nteilseigner:<\/strong><br>Gesellschafter<br>Herrn Unfried Julian<br>Einzelperson<\/p>\n\n\n\n<p><strong>Gesellschafter<\/strong><br>Frau Helga Unfried<br>Einzelperson<\/p>\n\n\n\n<p><strong>Fotos<\/strong><br>Kastner new media<br><br>H<strong>aftungshinweis<\/strong><br>Wir sind bestrebt, unser Webangebot aktuell, inhaltlich richtig und vollst\u00e4ndig anzubieten. Das Auftreten von Fehlern kann dennoch nicht ausgeschlossen werden. Wir \u00fcbernehmen keine Haftung f\u00fcr die Aktualit\u00e4t, den Inhalt und die Vollst\u00e4ndigkeit der in ihrem Webangebot bereitgestellten Informationen. Wir distanzieren uns ausdr\u00fccklich von allen Inhalten aller gelinkten Seiten auf unserer Homepage und machen uns diese Inhalte nicht zu eigen. Diese Erkl\u00e4rung gilt f\u00fcr alle auf dieser Website angebrachten Links.<\/p>\n\n\n\n<p><strong>Copyright<\/strong><br>Inhalt und Struktur dieser Website sind urheberrechtlich gesch\u00fctzt. Die Vervielf\u00e4ltigung von Informationen oder Daten, die Verwendung von Texten, Textteilen oder Bildmaterial bedarf unserer vorherigen Zustimmung.<\/p>\n\n\n\n<div style=\"height:65px\" aria-hidden=\"true\" class=\"wp-block-spacer\"><\/div>\n<\/div><\/section>\n<\/div><\/section>\n","protected":false},"excerpt":{"rendered":"","protected":false},"author":1,"featured_media":0,"parent":0,"menu_order":0,"comment_status":"closed","ping_status":"closed","template":"","meta":{"neve_meta_sidebar":"","neve_meta_container":"full-width","neve_meta_enable_content_width":"","neve_meta_content_width":0,"neve_meta_title_alignment":"","neve_meta_author_avatar":"","neve_post_elements_order":"","neve_meta_disable_header":"","neve_meta_disable_footer":"","neve_meta_disable_title":"on","_themeisle_gutenberg_block_has_review":false,"footnotes":""},"class_list":["post-63","page","type-page","status-publish","hentry"],"yoast_head":"<!-- This site is optimized with the Yoast SEO plugin v24.9 - https:\/\/yoast.com\/wordpress\/plugins\/seo\/ -->\n<title>Impressum - Unfried.info - Obst und Gem\u00fcse<\/title>\n<meta name=\"robots\" content=\"index, follow, max-snippet:-1, max-image-preview:large, max-video-preview:-1\" \/>\n<link rel=\"canonical\" href=\"https:\/\/unfried.info\/?page_id=63\" \/>\n<meta property=\"og:locale\" content=\"de_DE\" \/>\n<meta property=\"og:type\" content=\"article\" \/>\n<meta property=\"og:title\" content=\"Impressum - Unfried.info - Obst und Gem\u00fcse\" \/>\n<meta property=\"og:url\" content=\"https:\/\/unfried.info\/?page_id=63\" \/>\n<meta property=\"og:site_name\" content=\"Unfried.info - Obst und Gem\u00fcse\" \/>\n<meta property=\"article:modified_time\" content=\"2023-05-30T19:56:33+00:00\" \/>\n<meta name=\"twitter:card\" content=\"summary_large_image\" \/>\n<script type=\"application\/ld+json\" class=\"yoast-schema-graph\">{\"@context\":\"https:\/\/schema.org\",\"@graph\":[{\"@type\":\"WebPage\",\"@id\":\"https:\/\/unfried.info\/?page_id=63\",\"url\":\"https:\/\/unfried.info\/?page_id=63\",\"name\":\"Impressum - Unfried.info - Obst und Gem\u00fcse\",\"isPartOf\":{\"@id\":\"https:\/\/unfried.info\/#website\"},\"datePublished\":\"2021-09-24T11:26:28+00:00\",\"dateModified\":\"2023-05-30T19:56:33+00:00\",\"breadcrumb\":{\"@id\":\"https:\/\/unfried.info\/?page_id=63#breadcrumb\"},\"inLanguage\":\"de\",\"potentialAction\":[{\"@type\":\"ReadAction\",\"target\":[\"https:\/\/unfried.info\/?page_id=63\"]}]},{\"@type\":\"BreadcrumbList\",\"@id\":\"https:\/\/unfried.info\/?page_id=63#breadcrumb\",\"itemListElement\":[{\"@type\":\"ListItem\",\"position\":1,\"name\":\"Startseite\",\"item\":\"https:\/\/unfried.info\/\"},{\"@type\":\"ListItem\",\"position\":2,\"name\":\"Impressum\"}]},{\"@type\":\"WebSite\",\"@id\":\"https:\/\/unfried.info\/#website\",\"url\":\"https:\/\/unfried.info\/\",\"name\":\"Unfried.info - Obst und Gem\u00fcse\",\"description\":\"Zusammenarbeit, die Fr\u00fcchte tr\u00e4gt\",\"publisher\":{\"@id\":\"https:\/\/unfried.info\/#organization\"},\"potentialAction\":[{\"@type\":\"SearchAction\",\"target\":{\"@type\":\"EntryPoint\",\"urlTemplate\":\"https:\/\/unfried.info\/?s={search_term_string}\"},\"query-input\":{\"@type\":\"PropertyValueSpecification\",\"valueRequired\":true,\"valueName\":\"search_term_string\"}}],\"inLanguage\":\"de\"},{\"@type\":\"Organization\",\"@id\":\"https:\/\/unfried.info\/#organization\",\"name\":\"Unfried.info - Obst und Gem\u00fcse\",\"url\":\"https:\/\/unfried.info\/\",\"logo\":{\"@type\":\"ImageObject\",\"inLanguage\":\"de\",\"@id\":\"https:\/\/unfried.info\/#\/schema\/logo\/image\/\",\"url\":\"https:\/\/unfried.info\/wp-content\/uploads\/2021\/09\/cropped-logoklein-1-1.png\",\"contentUrl\":\"https:\/\/unfried.info\/wp-content\/uploads\/2021\/09\/cropped-logoklein-1-1.png\",\"width\":112,\"height\":48,\"caption\":\"Unfried.info - Obst und Gem\u00fcse\"},\"image\":{\"@id\":\"https:\/\/unfried.info\/#\/schema\/logo\/image\/\"}}]}<\/script>\n<!-- \/ Yoast SEO plugin. -->","yoast_head_json":{"title":"Impressum - Unfried.info - Obst und Gem\u00fcse","robots":{"index":"index","follow":"follow","max-snippet":"max-snippet:-1","max-image-preview":"max-image-preview:large","max-video-preview":"max-video-preview:-1"},"canonical":"https:\/\/unfried.info\/?page_id=63","og_locale":"de_DE","og_type":"article","og_title":"Impressum - Unfried.info - Obst und Gem\u00fcse","og_url":"https:\/\/unfried.info\/?page_id=63","og_site_name":"Unfried.info - Obst und Gem\u00fcse","article_modified_time":"2023-05-30T19:56:33+00:00","twitter_card":"summary_large_image","schema":{"@context":"https:\/\/schema.org","@graph":[{"@type":"WebPage","@id":"https:\/\/unfried.info\/?page_id=63","url":"https:\/\/unfried.info\/?page_id=63","name":"Impressum - Unfried.info - Obst und Gem\u00fcse","isPartOf":{"@id":"https:\/\/unfried.info\/#website"},"datePublished":"2021-09-24T11:26:28+00:00","dateModified":"2023-05-30T19:56:33+00:00","breadcrumb":{"@id":"https:\/\/unfried.info\/?page_id=63#breadcrumb"},"inLanguage":"de","potentialAction":[{"@type":"ReadAction","target":["https:\/\/unfried.info\/?page_id=63"]}]},{"@type":"BreadcrumbList","@id":"https:\/\/unfried.info\/?page_id=63#breadcrumb","itemListElement":[{"@type":"ListItem","position":1,"name":"Startseite","item":"https:\/\/unfried.info\/"},{"@type":"ListItem","position":2,"name":"Impressum"}]},{"@type":"WebSite","@id":"https:\/\/unfried.info\/#website","url":"https:\/\/unfried.info\/","name":"Unfried.info - Obst und Gem\u00fcse","description":"Zusammenarbeit, die Fr\u00fcchte tr\u00e4gt","publisher":{"@id":"https:\/\/unfried.info\/#organization"},"potentialAction":[{"@type":"SearchAction","target":{"@type":"EntryPoint","urlTemplate":"https:\/\/unfried.info\/?s={search_term_string}"},"query-input":{"@type":"PropertyValueSpecification","valueRequired":true,"valueName":"search_term_string"}}],"inLanguage":"de"},{"@type":"Organization","@id":"https:\/\/unfried.info\/#organization","name":"Unfried.info - Obst und Gem\u00fcse","url":"https:\/\/unfried.info\/","logo":{"@type":"ImageObject","inLanguage":"de","@id":"https:\/\/unfried.info\/#\/schema\/logo\/image\/","url":"https:\/\/unfried.info\/wp-content\/uploads\/2021\/09\/cropped-logoklein-1-1.png","contentUrl":"https:\/\/unfried.info\/wp-content\/uploads\/2021\/09\/cropped-logoklein-1-1.png","width":112,"height":48,"caption":"Unfried.info - Obst und Gem\u00fcse"},"image":{"@id":"https:\/\/unfried.info\/#\/schema\/logo\/image\/"}}]}},"_links":{"self":[{"href":"https:\/\/unfried.info\/index.php?rest_route=\/wp\/v2\/pages\/63","targetHints":{"allow":["GET"]}}],"collection":[{"href":"https:\/\/unfried.info\/index.php?rest_route=\/wp\/v2\/pages"}],"about":[{"href":"https:\/\/unfried.info\/index.php?rest_route=\/wp\/v2\/types\/page"}],"author":[{"embeddable":true,"href":"https:\/\/unfried.info\/index.php?rest_route=\/wp\/v2\/users\/1"}],"replies":[{"embeddable":true,"href":"https:\/\/unfried.info\/index.php?rest_route=%2Fwp%2Fv2%2Fcomments&post=63"}],"version-history":[{"count":9,"href":"https:\/\/unfried.info\/index.php?rest_route=\/wp\/v2\/pages\/63\/revisions"}],"predecessor-version":[{"id":738,"href":"https:\/\/unfried.info\/index.php?rest_route=\/wp\/v2\/pages\/63\/revisions\/738"}],"wp:attachment":[{"href":"https:\/\/unfried.info\/index.php?rest_route=%2Fwp%2Fv2%2Fmedia&parent=63"}],"curies":[{"name":"wp","href":"https:\/\/api.w.org\/{rel}","templated":true}]}}