{"id":692,"date":"2023-04-13T20:34:14","date_gmt":"2023-04-13T20:34:14","guid":{"rendered":"https:\/\/unfried.info\/?page_id=692"},"modified":"2023-05-30T19:54:57","modified_gmt":"2023-05-30T19:54:57","slug":"referenzen-2","status":"publish","type":"page","link":"https:\/\/unfried.info\/?page_id=692","title":{"rendered":"Referenzen"},"content":{"rendered":"\n<section id=\"gm1f0690d\" class=\"wp-block-gutentor-m3 alignfull section-gm1f0690d gutentor-module gutentor-container-cover has-image-bg has-custom-bg animated fadeIn\"><div class=\"grid-container\">\n<div style=\"height:48px\" aria-hidden=\"true\" class=\"wp-block-spacer\"><\/div>\n<\/div><\/section>\n\n\n\n<section id=\"gm17b564b\" class=\"wp-block-gutentor-m3 alignfull section-gm17b564b gutentor-module gutentor-container-cover has-image-bg has-custom-bg animated fadeIn\"><div class=\"grid-container\">\n<section id=\"gm78bebcf\" class=\"wp-block-gutentor-m3 alignwide section-gm78bebcf gutentor-module gutentor-container-cover animated fadeIn\"><div class=\"grid-container\">\n<div style=\"height:100px\" aria-hidden=\"true\" class=\"wp-block-spacer\"><\/div>\n\n\n\n<h2 class=\"wp-block-heading\">Referenzen<\/h2>\n\n\n\n<figure class=\"wp-block-gallery aligncenter has-nested-images columns-5 has-nv-text-dark-bg-background-color has-background wp-block-gallery-1 is-layout-flex wp-block-gallery-is-layout-flex\">\n<figure class=\"wp-block-image size-full\"><img decoding=\"async\" width=\"88\" height=\"100\" data-id=\"695\" src=\"https:\/\/unfried.info\/wp-content\/uploads\/2023\/04\/bacher.png\" alt=\"\" class=\"wp-image-695\"\/><\/figure>\n\n\n\n<figure class=\"wp-block-image size-full\"><img decoding=\"async\" width=\"200\" height=\"100\" data-id=\"696\" src=\"https:\/\/unfried.info\/wp-content\/uploads\/2023\/04\/diningruhm.png\" alt=\"\" class=\"wp-image-696\"\/><\/figure>\n\n\n\n<figure class=\"wp-block-image size-full\"><img decoding=\"async\" width=\"200\" height=\"100\" data-id=\"697\" src=\"https:\/\/unfried.info\/wp-content\/uploads\/2023\/04\/dasfritz.png\" alt=\"\" class=\"wp-image-697\"\/><\/figure>\n\n\n\n<figure class=\"wp-block-image size-full\"><img loading=\"lazy\" decoding=\"async\" width=\"200\" height=\"100\" data-id=\"698\" src=\"https:\/\/unfried.info\/wp-content\/uploads\/2023\/04\/hotel-nationalpark.png\" alt=\"\" class=\"wp-image-698\"\/><\/figure>\n\n\n\n<figure class=\"wp-block-image size-full\"><img loading=\"lazy\" decoding=\"async\" width=\"77\" height=\"100\" data-id=\"699\" src=\"https:\/\/unfried.info\/wp-content\/uploads\/2023\/04\/loisium.png\" alt=\"\" class=\"wp-image-699\"\/><\/figure>\n\n\n\n<figure class=\"wp-block-image size-full\"><img loading=\"lazy\" decoding=\"async\" width=\"684\" height=\"100\" data-id=\"700\" src=\"https:\/\/unfried.info\/wp-content\/uploads\/2023\/04\/wellenspiel.png\" alt=\"\" class=\"wp-image-700\" srcset=\"https:\/\/unfried.info\/wp-content\/uploads\/2023\/04\/wellenspiel.png 684w, https:\/\/unfried.info\/wp-content\/uploads\/2023\/04\/wellenspiel-300x44.png 300w\" sizes=\"(max-width: 684px) 100vw, 684px\" \/><\/figure>\n\n\n\n<figure class=\"wp-block-image size-full\"><img loading=\"lazy\" decoding=\"async\" width=\"100\" height=\"100\" data-id=\"701\" src=\"https:\/\/unfried.info\/wp-content\/uploads\/2023\/04\/tian.png\" alt=\"\" class=\"wp-image-701\"\/><\/figure>\n\n\n\n<figure class=\"wp-block-image size-full\"><img loading=\"lazy\" decoding=\"async\" width=\"198\" height=\"100\" data-id=\"702\" src=\"https:\/\/unfried.info\/wp-content\/uploads\/2023\/04\/steigenberger.png\" alt=\"\" class=\"wp-image-702\"\/><\/figure>\n\n\n\n<figure class=\"wp-block-image size-full\"><img loading=\"lazy\" decoding=\"async\" width=\"200\" height=\"100\" data-id=\"703\" src=\"https:\/\/unfried.info\/wp-content\/uploads\/2023\/04\/schweizerhaus.png\" alt=\"\" class=\"wp-image-703\"\/><\/figure>\n\n\n\n<figure class=\"wp-block-image size-full\"><img loading=\"lazy\" decoding=\"async\" width=\"140\" height=\"100\" data-id=\"704\" src=\"https:\/\/unfried.info\/wp-content\/uploads\/2023\/04\/schloss-duernstein.png\" alt=\"\" class=\"wp-image-704\"\/><\/figure>\n\n\n\n<figure class=\"wp-block-image size-full\"><img loading=\"lazy\" decoding=\"async\" width=\"247\" height=\"100\" data-id=\"705\" src=\"https:\/\/unfried.info\/wp-content\/uploads\/2023\/04\/moerwald.png\" alt=\"\" class=\"wp-image-705\"\/><\/figure>\n\n\n\n<figure class=\"wp-block-image size-full\"><img loading=\"lazy\" decoding=\"async\" width=\"134\" height=\"100\" data-id=\"706\" src=\"https:\/\/unfried.info\/wp-content\/uploads\/2023\/04\/jell.png\" alt=\"\" class=\"wp-image-706\"\/><\/figure>\n\n\n\n<figure class=\"wp-block-image size-full\"><img loading=\"lazy\" decoding=\"async\" width=\"106\" height=\"100\" data-id=\"707\" src=\"https:\/\/unfried.info\/wp-content\/uploads\/2023\/04\/harry.png\" alt=\"\" class=\"wp-image-707\"\/><\/figure>\n\n\n\n<figure class=\"wp-block-image size-full\"><img loading=\"lazy\" decoding=\"async\" width=\"156\" height=\"100\" data-id=\"708\" src=\"https:\/\/unfried.info\/wp-content\/uploads\/2023\/04\/grand-hotel.png\" alt=\"\" class=\"wp-image-708\"\/><\/figure>\n\n\n\n<figure class=\"wp-block-image size-full\"><img loading=\"lazy\" decoding=\"async\" width=\"134\" height=\"100\" data-id=\"709\" src=\"https:\/\/unfried.info\/wp-content\/uploads\/2023\/04\/coburg.png\" alt=\"\" class=\"wp-image-709\"\/><\/figure>\n<\/figure>\n\n\n\n<div style=\"height:100px\" aria-hidden=\"true\" class=\"wp-block-spacer\"><\/div>\n<\/div><\/section>\n<\/div><\/section>\n","protected":false},"excerpt":{"rendered":"","protected":false},"author":1,"featured_media":0,"parent":0,"menu_order":0,"comment_status":"closed","ping_status":"closed","template":"","meta":{"neve_meta_sidebar":"","neve_meta_container":"","neve_meta_enable_content_width":"","neve_meta_content_width":0,"neve_meta_title_alignment":"","neve_meta_author_avatar":"","neve_post_elements_order":"","neve_meta_disable_header":"","neve_meta_disable_footer":"","neve_meta_disable_title":"on","_themeisle_gutenberg_block_has_review":false,"footnotes":""},"class_list":["post-692","page","type-page","status-publish","hentry"],"yoast_head":"<!-- This site is optimized with the Yoast SEO plugin v24.9 - https:\/\/yoast.com\/wordpress\/plugins\/seo\/ -->\n<title>Referenzen - Unfried.info - Obst und Gem\u00fcse<\/title>\n<meta name=\"robots\" content=\"index, follow, max-snippet:-1, max-image-preview:large, max-video-preview:-1\" \/>\n<link rel=\"canonical\" href=\"https:\/\/unfried.info\/?page_id=692\" \/>\n<meta property=\"og:locale\" content=\"de_DE\" \/>\n<meta property=\"og:type\" content=\"article\" \/>\n<meta property=\"og:title\" content=\"Referenzen - Unfried.info - Obst und Gem\u00fcse\" \/>\n<meta property=\"og:url\" content=\"https:\/\/unfried.info\/?page_id=692\" \/>\n<meta property=\"og:site_name\" content=\"Unfried.info - Obst und Gem\u00fcse\" \/>\n<meta property=\"article:modified_time\" content=\"2023-05-30T19:54:57+00:00\" \/>\n<meta property=\"og:image\" content=\"https:\/\/unfried.info\/wp-content\/uploads\/2023\/04\/bacher.png\" \/>\n<meta name=\"twitter:card\" content=\"summary_large_image\" \/>\n<meta name=\"twitter:label1\" content=\"Gesch\u00e4tzte Lesezeit\" \/>\n\t<meta name=\"twitter:data1\" content=\"4\u00a0Minuten\" \/>\n<script type=\"application\/ld+json\" class=\"yoast-schema-graph\">{\"@context\":\"https:\/\/schema.org\",\"@graph\":[{\"@type\":\"WebPage\",\"@id\":\"https:\/\/unfried.info\/?page_id=692\",\"url\":\"https:\/\/unfried.info\/?page_id=692\",\"name\":\"Referenzen - Unfried.info - Obst und Gem\u00fcse\",\"isPartOf\":{\"@id\":\"https:\/\/unfried.info\/#website\"},\"primaryImageOfPage\":{\"@id\":\"https:\/\/unfried.info\/?page_id=692#primaryimage\"},\"image\":{\"@id\":\"https:\/\/unfried.info\/?page_id=692#primaryimage\"},\"thumbnailUrl\":\"https:\/\/unfried.info\/wp-content\/uploads\/2023\/04\/bacher.png\",\"datePublished\":\"2023-04-13T20:34:14+00:00\",\"dateModified\":\"2023-05-30T19:54:57+00:00\",\"breadcrumb\":{\"@id\":\"https:\/\/unfried.info\/?page_id=692#breadcrumb\"},\"inLanguage\":\"de\",\"potentialAction\":[{\"@type\":\"ReadAction\",\"target\":[\"https:\/\/unfried.info\/?page_id=692\"]}]},{\"@type\":\"ImageObject\",\"inLanguage\":\"de\",\"@id\":\"https:\/\/unfried.info\/?page_id=692#primaryimage\",\"url\":\"https:\/\/unfried.info\/wp-content\/uploads\/2023\/04\/bacher.png\",\"contentUrl\":\"https:\/\/unfried.info\/wp-content\/uploads\/2023\/04\/bacher.png\",\"width\":88,\"height\":100},{\"@type\":\"BreadcrumbList\",\"@id\":\"https:\/\/unfried.info\/?page_id=692#breadcrumb\",\"itemListElement\":[{\"@type\":\"ListItem\",\"position\":1,\"name\":\"Startseite\",\"item\":\"https:\/\/unfried.info\/\"},{\"@type\":\"ListItem\",\"position\":2,\"name\":\"Referenzen\"}]},{\"@type\":\"WebSite\",\"@id\":\"https:\/\/unfried.info\/#website\",\"url\":\"https:\/\/unfried.info\/\",\"name\":\"Unfried.info - Obst und Gem\u00fcse\",\"description\":\"Zusammenarbeit, die Fr\u00fcchte tr\u00e4gt\",\"publisher\":{\"@id\":\"https:\/\/unfried.info\/#organization\"},\"potentialAction\":[{\"@type\":\"SearchAction\",\"target\":{\"@type\":\"EntryPoint\",\"urlTemplate\":\"https:\/\/unfried.info\/?s={search_term_string}\"},\"query-input\":{\"@type\":\"PropertyValueSpecification\",\"valueRequired\":true,\"valueName\":\"search_term_string\"}}],\"inLanguage\":\"de\"},{\"@type\":\"Organization\",\"@id\":\"https:\/\/unfried.info\/#organization\",\"name\":\"Unfried.info - Obst und Gem\u00fcse\",\"url\":\"https:\/\/unfried.info\/\",\"logo\":{\"@type\":\"ImageObject\",\"inLanguage\":\"de\",\"@id\":\"https:\/\/unfried.info\/#\/schema\/logo\/image\/\",\"url\":\"https:\/\/unfried.info\/wp-content\/uploads\/2021\/09\/cropped-logoklein-1-1.png\",\"contentUrl\":\"https:\/\/unfried.info\/wp-content\/uploads\/2021\/09\/cropped-logoklein-1-1.png\",\"width\":112,\"height\":48,\"caption\":\"Unfried.info - Obst und Gem\u00fcse\"},\"image\":{\"@id\":\"https:\/\/unfried.info\/#\/schema\/logo\/image\/\"}}]}<\/script>\n<!-- \/ Yoast SEO plugin. -->","yoast_head_json":{"title":"Referenzen - Unfried.info - Obst und Gem\u00fcse","robots":{"index":"index","follow":"follow","max-snippet":"max-snippet:-1","max-image-preview":"max-image-preview:large","max-video-preview":"max-video-preview:-1"},"canonical":"https:\/\/unfried.info\/?page_id=692","og_locale":"de_DE","og_type":"article","og_title":"Referenzen - Unfried.info - Obst und Gem\u00fcse","og_url":"https:\/\/unfried.info\/?page_id=692","og_site_name":"Unfried.info - Obst und Gem\u00fcse","article_modified_time":"2023-05-30T19:54:57+00:00","og_image":[{"url":"https:\/\/unfried.info\/wp-content\/uploads\/2023\/04\/bacher.png","type":"","width":"","height":""}],"twitter_card":"summary_large_image","twitter_misc":{"Gesch\u00e4tzte Lesezeit":"4\u00a0Minuten"},"schema":{"@context":"https:\/\/schema.org","@graph":[{"@type":"WebPage","@id":"https:\/\/unfried.info\/?page_id=692","url":"https:\/\/unfried.info\/?page_id=692","name":"Referenzen - Unfried.info - Obst und Gem\u00fcse","isPartOf":{"@id":"https:\/\/unfried.info\/#website"},"primaryImageOfPage":{"@id":"https:\/\/unfried.info\/?page_id=692#primaryimage"},"image":{"@id":"https:\/\/unfried.info\/?page_id=692#primaryimage"},"thumbnailUrl":"https:\/\/unfried.info\/wp-content\/uploads\/2023\/04\/bacher.png","datePublished":"2023-04-13T20:34:14+00:00","dateModified":"2023-05-30T19:54:57+00:00","breadcrumb":{"@id":"https:\/\/unfried.info\/?page_id=692#breadcrumb"},"inLanguage":"de","potentialAction":[{"@type":"ReadAction","target":["https:\/\/unfried.info\/?page_id=692"]}]},{"@type":"ImageObject","inLanguage":"de","@id":"https:\/\/unfried.info\/?page_id=692#primaryimage","url":"https:\/\/unfried.info\/wp-content\/uploads\/2023\/04\/bacher.png","contentUrl":"https:\/\/unfried.info\/wp-content\/uploads\/2023\/04\/bacher.png","width":88,"height":100},{"@type":"BreadcrumbList","@id":"https:\/\/unfried.info\/?page_id=692#breadcrumb","itemListElement":[{"@type":"ListItem","position":1,"name":"Startseite","item":"https:\/\/unfried.info\/"},{"@type":"ListItem","position":2,"name":"Referenzen"}]},{"@type":"WebSite","@id":"https:\/\/unfried.info\/#website","url":"https:\/\/unfried.info\/","name":"Unfried.info - Obst und Gem\u00fcse","description":"Zusammenarbeit, die Fr\u00fcchte tr\u00e4gt","publisher":{"@id":"https:\/\/unfried.info\/#organization"},"potentialAction":[{"@type":"SearchAction","target":{"@type":"EntryPoint","urlTemplate":"https:\/\/unfried.info\/?s={search_term_string}"},"query-input":{"@type":"PropertyValueSpecification","valueRequired":true,"valueName":"search_term_string"}}],"inLanguage":"de"},{"@type":"Organization","@id":"https:\/\/unfried.info\/#organization","name":"Unfried.info - Obst und Gem\u00fcse","url":"https:\/\/unfried.info\/","logo":{"@type":"ImageObject","inLanguage":"de","@id":"https:\/\/unfried.info\/#\/schema\/logo\/image\/","url":"https:\/\/unfried.info\/wp-content\/uploads\/2021\/09\/cropped-logoklein-1-1.png","contentUrl":"https:\/\/unfried.info\/wp-content\/uploads\/2021\/09\/cropped-logoklein-1-1.png","width":112,"height":48,"caption":"Unfried.info - Obst und Gem\u00fcse"},"image":{"@id":"https:\/\/unfried.info\/#\/schema\/logo\/image\/"}}]}},"_links":{"self":[{"href":"https:\/\/unfried.info\/index.php?rest_route=\/wp\/v2\/pages\/692","targetHints":{"allow":["GET"]}}],"collection":[{"href":"https:\/\/unfried.info\/index.php?rest_route=\/wp\/v2\/pages"}],"about":[{"href":"https:\/\/unfried.info\/index.php?rest_route=\/wp\/v2\/types\/page"}],"author":[{"embeddable":true,"href":"https:\/\/unfried.info\/index.php?rest_route=\/wp\/v2\/users\/1"}],"replies":[{"embeddable":true,"href":"https:\/\/unfried.info\/index.php?rest_route=%2Fwp%2Fv2%2Fcomments&post=692"}],"version-history":[{"count":5,"href":"https:\/\/unfried.info\/index.php?rest_route=\/wp\/v2\/pages\/692\/revisions"}],"predecessor-version":[{"id":732,"href":"https:\/\/unfried.info\/index.php?rest_route=\/wp\/v2\/pages\/692\/revisions\/732"}],"wp:attachment":[{"href":"https:\/\/unfried.info\/index.php?rest_route=%2Fwp%2Fv2%2Fmedia&parent=692"}],"curies":[{"name":"wp","href":"https:\/\/api.w.org\/{rel}","templated":true}]}}